{"id":1189,"date":"2026-04-03T14:53:03","date_gmt":"2026-04-03T12:53:03","guid":{"rendered":"https:\/\/yumbau.de\/product\/knusprige-orange-gyoza-als-snack-mit-senf-kraeuter-dip-und-laugengebaeck\/"},"modified":"2026-04-03T14:53:03","modified_gmt":"2026-04-03T12:53:03","slug":"knusprige-orange-gyoza-als-snack-mit-senf-kraeuter-dip-und-laugengebaeck","status":"publish","type":"product","link":"https:\/\/yumbau.de\/en\/product\/knusprige-orange-gyoza-als-snack-mit-senf-kraeuter-dip-und-laugengebaeck\/","title":{"rendered":"Knusprige Orange Gyoza als Snack mit Senf-Kr\u00e4uter-Dip und Laugengeb\u00e4ck"},"excerpt":{"rendered":"<p>Snack-Format f\u00fcr Zwischenverpflegung, Cafeteria oder Aktionswochen. Portionsgr\u00f6\u00dfe: 3\u20134 Gyoza + 50 ml Dip<\/p>\n","protected":false},"template":"","producttype":[54],"class_list":["post-1189","product","type-product","status-publish","hentry","producttype-recipe"],"yoast_head":"<!-- This site is optimized with the Yoast SEO Premium plugin v26.1 (Yoast SEO v27.4) - https:\/\/yoast.com\/product\/yoast-seo-premium-wordpress\/ -->\n<title>Knusprige Orange Gyoza als Snack mit Senf-Kr\u00e4uter-Dip und Laugengeb\u00e4ck - Yumbau Dim Sum<\/title>\n<meta name=\"robots\" content=\"index, follow, max-snippet:-1, max-image-preview:large, max-video-preview:-1\" \/>\n<link rel=\"canonical\" href=\"https:\/\/yumbau.de\/en\/product\/knusprige-orange-gyoza-als-snack-mit-senf-kraeuter-dip-und-laugengebaeck\/\" \/>\n<meta property=\"og:locale\" content=\"en_US\" \/>\n<meta property=\"og:type\" content=\"article\" \/>\n<meta property=\"og:title\" content=\"Knusprige Orange Gyoza als Snack mit Senf-Kr\u00e4uter-Dip und Laugengeb\u00e4ck\" \/>\n<meta property=\"og:description\" content=\"Snack-Format f\u00fcr Zwischenverpflegung, Cafeteria oder Aktionswochen. Portionsgr\u00f6\u00dfe: 3\u20134 Gyoza + 50 ml Dip\" \/>\n<meta property=\"og:url\" content=\"https:\/\/yumbau.de\/en\/product\/knusprige-orange-gyoza-als-snack-mit-senf-kraeuter-dip-und-laugengebaeck\/\" \/>\n<meta property=\"og:site_name\" content=\"Yumbau Dim Sum\" \/>\n<meta property=\"article:publisher\" content=\"https:\/\/facebook.com\/yumbau\" \/>\n<meta name=\"twitter:card\" content=\"summary_large_image\" \/>\n<script type=\"application\/ld+json\" class=\"yoast-schema-graph\">{\"@context\":\"https:\\\/\\\/schema.org\",\"@graph\":[{\"@type\":\"WebPage\",\"@id\":\"https:\\\/\\\/yumbau.de\\\/en\\\/product\\\/knusprige-orange-gyoza-als-snack-mit-senf-kraeuter-dip-und-laugengebaeck\\\/\",\"url\":\"https:\\\/\\\/yumbau.de\\\/en\\\/product\\\/knusprige-orange-gyoza-als-snack-mit-senf-kraeuter-dip-und-laugengebaeck\\\/\",\"name\":\"Knusprige Orange Gyoza als Snack mit Senf-Kr\u00e4uter-Dip und Laugengeb\u00e4ck - Yumbau Dim Sum\",\"isPartOf\":{\"@id\":\"https:\\\/\\\/yumbau.de\\\/en\\\/#website\"},\"datePublished\":\"2026-04-03T12:53:03+00:00\",\"breadcrumb\":{\"@id\":\"https:\\\/\\\/yumbau.de\\\/en\\\/product\\\/knusprige-orange-gyoza-als-snack-mit-senf-kraeuter-dip-und-laugengebaeck\\\/#breadcrumb\"},\"inLanguage\":\"en-US\",\"potentialAction\":[{\"@type\":\"ReadAction\",\"target\":[\"https:\\\/\\\/yumbau.de\\\/en\\\/product\\\/knusprige-orange-gyoza-als-snack-mit-senf-kraeuter-dip-und-laugengebaeck\\\/\"]}]},{\"@type\":\"BreadcrumbList\",\"@id\":\"https:\\\/\\\/yumbau.de\\\/en\\\/product\\\/knusprige-orange-gyoza-als-snack-mit-senf-kraeuter-dip-und-laugengebaeck\\\/#breadcrumb\",\"itemListElement\":[{\"@type\":\"ListItem\",\"position\":1,\"name\":\"Home\",\"item\":\"https:\\\/\\\/yumbau.de\\\/en\\\/\"},{\"@type\":\"ListItem\",\"position\":2,\"name\":\"Products\",\"item\":\"https:\\\/\\\/yumbau.de\\\/en\\\/product\\\/\"},{\"@type\":\"ListItem\",\"position\":3,\"name\":\"Knusprige Orange Gyoza als Snack mit Senf-Kr\u00e4uter-Dip und Laugengeb\u00e4ck\"}]},{\"@type\":\"WebSite\",\"@id\":\"https:\\\/\\\/yumbau.de\\\/en\\\/#website\",\"url\":\"https:\\\/\\\/yumbau.de\\\/en\\\/\",\"name\":\"Yumbau Dim Sum\",\"description\":\"Gyoza, Dumplings, Asian foods\",\"publisher\":{\"@id\":\"https:\\\/\\\/yumbau.de\\\/en\\\/#organization\"},\"potentialAction\":[{\"@type\":\"SearchAction\",\"target\":{\"@type\":\"EntryPoint\",\"urlTemplate\":\"https:\\\/\\\/yumbau.de\\\/en\\\/?s={search_term_string}\"},\"query-input\":{\"@type\":\"PropertyValueSpecification\",\"valueRequired\":true,\"valueName\":\"search_term_string\"}}],\"inLanguage\":\"en-US\"},{\"@type\":\"Organization\",\"@id\":\"https:\\\/\\\/yumbau.de\\\/en\\\/#organization\",\"name\":\"Yumbau Dim Sum\",\"url\":\"https:\\\/\\\/yumbau.de\\\/en\\\/\",\"logo\":{\"@type\":\"ImageObject\",\"inLanguage\":\"en-US\",\"@id\":\"https:\\\/\\\/yumbau.de\\\/en\\\/#\\\/schema\\\/logo\\\/image\\\/\",\"url\":\"https:\\\/\\\/yumbau.de\\\/wp-content\\\/uploads\\\/2025\\\/02\\\/logo_full_light.png\",\"contentUrl\":\"https:\\\/\\\/yumbau.de\\\/wp-content\\\/uploads\\\/2025\\\/02\\\/logo_full_light.png\",\"width\":2201,\"height\":548,\"caption\":\"Yumbau Dim Sum\"},\"image\":{\"@id\":\"https:\\\/\\\/yumbau.de\\\/en\\\/#\\\/schema\\\/logo\\\/image\\\/\"},\"sameAs\":[\"https:\\\/\\\/facebook.com\\\/yumbau\"]}]}<\/script>\n<!-- \/ Yoast SEO Premium plugin. -->","yoast_head_json":{"title":"Knusprige Orange Gyoza als Snack mit Senf-Kr\u00e4uter-Dip und Laugengeb\u00e4ck - Yumbau Dim Sum","robots":{"index":"index","follow":"follow","max-snippet":"max-snippet:-1","max-image-preview":"max-image-preview:large","max-video-preview":"max-video-preview:-1"},"canonical":"https:\/\/yumbau.de\/en\/product\/knusprige-orange-gyoza-als-snack-mit-senf-kraeuter-dip-und-laugengebaeck\/","og_locale":"en_US","og_type":"article","og_title":"Knusprige Orange Gyoza als Snack mit Senf-Kr\u00e4uter-Dip und Laugengeb\u00e4ck","og_description":"Snack-Format f\u00fcr Zwischenverpflegung, Cafeteria oder Aktionswochen. Portionsgr\u00f6\u00dfe: 3\u20134 Gyoza + 50 ml Dip","og_url":"https:\/\/yumbau.de\/en\/product\/knusprige-orange-gyoza-als-snack-mit-senf-kraeuter-dip-und-laugengebaeck\/","og_site_name":"Yumbau Dim Sum","article_publisher":"https:\/\/facebook.com\/yumbau","twitter_card":"summary_large_image","schema":{"@context":"https:\/\/schema.org","@graph":[{"@type":"WebPage","@id":"https:\/\/yumbau.de\/en\/product\/knusprige-orange-gyoza-als-snack-mit-senf-kraeuter-dip-und-laugengebaeck\/","url":"https:\/\/yumbau.de\/en\/product\/knusprige-orange-gyoza-als-snack-mit-senf-kraeuter-dip-und-laugengebaeck\/","name":"Knusprige Orange Gyoza als Snack mit Senf-Kr\u00e4uter-Dip und Laugengeb\u00e4ck - Yumbau Dim Sum","isPartOf":{"@id":"https:\/\/yumbau.de\/en\/#website"},"datePublished":"2026-04-03T12:53:03+00:00","breadcrumb":{"@id":"https:\/\/yumbau.de\/en\/product\/knusprige-orange-gyoza-als-snack-mit-senf-kraeuter-dip-und-laugengebaeck\/#breadcrumb"},"inLanguage":"en-US","potentialAction":[{"@type":"ReadAction","target":["https:\/\/yumbau.de\/en\/product\/knusprige-orange-gyoza-als-snack-mit-senf-kraeuter-dip-und-laugengebaeck\/"]}]},{"@type":"BreadcrumbList","@id":"https:\/\/yumbau.de\/en\/product\/knusprige-orange-gyoza-als-snack-mit-senf-kraeuter-dip-und-laugengebaeck\/#breadcrumb","itemListElement":[{"@type":"ListItem","position":1,"name":"Home","item":"https:\/\/yumbau.de\/en\/"},{"@type":"ListItem","position":2,"name":"Products","item":"https:\/\/yumbau.de\/en\/product\/"},{"@type":"ListItem","position":3,"name":"Knusprige Orange Gyoza als Snack mit Senf-Kr\u00e4uter-Dip und Laugengeb\u00e4ck"}]},{"@type":"WebSite","@id":"https:\/\/yumbau.de\/en\/#website","url":"https:\/\/yumbau.de\/en\/","name":"Yumbau Dim Sum","description":"Gyoza, Dumplings, Asian foods","publisher":{"@id":"https:\/\/yumbau.de\/en\/#organization"},"potentialAction":[{"@type":"SearchAction","target":{"@type":"EntryPoint","urlTemplate":"https:\/\/yumbau.de\/en\/?s={search_term_string}"},"query-input":{"@type":"PropertyValueSpecification","valueRequired":true,"valueName":"search_term_string"}}],"inLanguage":"en-US"},{"@type":"Organization","@id":"https:\/\/yumbau.de\/en\/#organization","name":"Yumbau Dim Sum","url":"https:\/\/yumbau.de\/en\/","logo":{"@type":"ImageObject","inLanguage":"en-US","@id":"https:\/\/yumbau.de\/en\/#\/schema\/logo\/image\/","url":"https:\/\/yumbau.de\/wp-content\/uploads\/2025\/02\/logo_full_light.png","contentUrl":"https:\/\/yumbau.de\/wp-content\/uploads\/2025\/02\/logo_full_light.png","width":2201,"height":548,"caption":"Yumbau Dim Sum"},"image":{"@id":"https:\/\/yumbau.de\/en\/#\/schema\/logo\/image\/"},"sameAs":["https:\/\/facebook.com\/yumbau"]}]}},"toolset-meta":{"product-settings":{"product-main-image":{"type":"image","raw":"https:\/\/yumbau.de\/wp-content\/uploads\/2026\/04\/Yumbau_Rezept_12_web.webp","attachment_id":1025},"taste":{"type":"textfield","raw":"Orange Gyoza \u2013 Sauerkraut & Steinpilz"},"description":{"type":"wysiwyg","raw":"<p class=\"font-claude-response-body break-words whitespace-normal leading-[1.7]\"><strong>Zutaten f\u00fcr 100 Portionen:<\/strong><\/p>\r\n\r\n<ul class=\"[li_&amp;]:mb-0 [li_&amp;]:mt-1 [li_&amp;]:gap-1 [&amp;:not(:last-child)_ul]:pb-1 [&amp;:not(:last-child)_ol]:pb-1 list-disc flex flex-col gap-1 pl-8 mb-3\">\r\n \t<li class=\"whitespace-normal break-words pl-2\">350 St\u00fcck Yumbau Orange Gyoza (TK, frittiert oder in der Pfanne gebraten)<\/li>\r\n \t<li class=\"whitespace-normal break-words pl-2\">100 St\u00fcck Laugenbr\u00f6tchen (Teigling, aufgebacken)<\/li>\r\n<\/ul>\r\n<p class=\"font-claude-response-body break-words whitespace-normal leading-[1.7]\"><em>F\u00fcr den Senf-Kr\u00e4uter-Dip:<\/em><\/p>\r\n\r\n<ul class=\"[li_&amp;]:mb-0 [li_&amp;]:mt-1 [li_&amp;]:gap-1 [&amp;:not(:last-child)_ul]:pb-1 [&amp;:not(:last-child)_ol]:pb-1 list-disc flex flex-col gap-1 pl-8 mb-3\">\r\n \t<li class=\"whitespace-normal break-words pl-2\">3 kg Sauerrahm oder Joghurt (3,5 % Fett)<\/li>\r\n \t<li class=\"whitespace-normal break-words pl-2\">300 g mittelscharfer Senf<\/li>\r\n \t<li class=\"whitespace-normal break-words pl-2\">200 g Schnittlauch (TK)<\/li>\r\n \t<li class=\"whitespace-normal break-words pl-2\">200 g Petersilie (TK oder frisch)<\/li>\r\n \t<li class=\"whitespace-normal break-words pl-2\">Salz, Pfeffer, Zitronensaft<\/li>\r\n<\/ul>\r\n<p class=\"font-claude-response-body break-words whitespace-normal leading-[1.7]\"><strong>Zubereitung:<\/strong><\/p>\r\n\r\n<ol class=\"[li_&amp;]:mb-0 [li_&amp;]:mt-1 [li_&amp;]:gap-1 [&amp;:not(:last-child)_ul]:pb-1 [&amp;:not(:last-child)_ol]:pb-1 list-decimal flex flex-col gap-1 pl-8 mb-3\">\r\n \t<li class=\"whitespace-normal break-words pl-2\">Senf-Kr\u00e4uter-Dip aus Sauerrahm, Senf, gehackten Kr\u00e4utern und Gew\u00fcrzen r\u00fchren, kalt stellen.<\/li>\r\n \t<li class=\"whitespace-normal break-words pl-2\">Gyoza in der Fritteuse bei 170\u2013175 \u00b0C goldbraun frittieren (3\u20135 Minuten) oder auf der Grillplatte braten.<\/li>\r\n \t<li class=\"whitespace-normal break-words pl-2\">Auf K\u00fcchenkrepp abtropfen lassen.<\/li>\r\n \t<li class=\"whitespace-normal break-words pl-2\">In Einwegschalen oder Mehrwegboxen mit einem Dip-Becher und einem halben Laugenbr\u00f6tchen ausgeben.<\/li>\r\n<\/ol>\r\n<p class=\"font-claude-response-body break-words whitespace-normal leading-[1.7]\"><strong>???? Tipp:<\/strong> Dieses Format eignet sich hervorragend f\u00fcr die Coffeebar oder den Snack-Counter im Betriebsrestaurant. Die knusprigen Orange Gyoza mit dem w\u00fcrzigen Senf-Dip bieten einen reizvollen Kontrast zwischen asiatischer Teigtasche und deutschen Aromen \u2013 ein echter Eyecatcher bei Aktionswochen oder Asia-Thementagen.<\/p>"}}},"_links":{"self":[{"href":"https:\/\/yumbau.de\/en\/wp-json\/wp\/v2\/product\/1189","targetHints":{"allow":["GET"]}}],"collection":[{"href":"https:\/\/yumbau.de\/en\/wp-json\/wp\/v2\/product"}],"about":[{"href":"https:\/\/yumbau.de\/en\/wp-json\/wp\/v2\/types\/product"}],"wp:attachment":[{"href":"https:\/\/yumbau.de\/en\/wp-json\/wp\/v2\/media?parent=1189"}],"wp:term":[{"taxonomy":"producttype","embeddable":true,"href":"https:\/\/yumbau.de\/en\/wp-json\/wp\/v2\/producttype?post=1189"}],"curies":[{"name":"wp","href":"https:\/\/api.w.org\/{rel}","templated":true}]}}