{"id":1188,"date":"2026-04-03T14:50:36","date_gmt":"2026-04-03T12:50:36","guid":{"rendered":"https:\/\/yumbau.de\/product\/orange-gyoza-suppe-mit-sauerkraut-einlage-und-roggenbrotwuerfeln\/"},"modified":"2026-04-03T14:50:36","modified_gmt":"2026-04-03T12:50:36","slug":"orange-gyoza-suppe-mit-sauerkraut-einlage-und-roggenbrotwuerfeln","status":"publish","type":"product","link":"https:\/\/yumbau.de\/en\/product\/orange-gyoza-suppe-mit-sauerkraut-einlage-und-roggenbrotwuerfeln\/","title":{"rendered":"Orange Gyoza-Suppe mit Sauerkraut-Einlage und Roggenbrotw\u00fcrfeln"},"excerpt":{"rendered":"<p>Rustikales Wintergericht \u2013 Zero-Waste-Konzept mit Altbrotverwendung. Portionsgr\u00f6\u00dfe: 5 Gyoza + 300 ml Suppe + Croutons<\/p>\n","protected":false},"template":"","producttype":[54],"class_list":["post-1188","product","type-product","status-publish","hentry","producttype-recipe"],"yoast_head":"<!-- This site is optimized with the Yoast SEO Premium plugin v26.1 (Yoast SEO v27.4) - https:\/\/yoast.com\/product\/yoast-seo-premium-wordpress\/ -->\n<title>Orange Gyoza-Suppe mit Sauerkraut-Einlage und Roggenbrotw\u00fcrfeln - Yumbau Dim Sum<\/title>\n<meta name=\"robots\" content=\"index, follow, max-snippet:-1, max-image-preview:large, max-video-preview:-1\" \/>\n<link rel=\"canonical\" href=\"https:\/\/yumbau.de\/en\/product\/orange-gyoza-suppe-mit-sauerkraut-einlage-und-roggenbrotwuerfeln\/\" \/>\n<meta property=\"og:locale\" content=\"en_US\" \/>\n<meta property=\"og:type\" content=\"article\" \/>\n<meta property=\"og:title\" content=\"Orange Gyoza-Suppe mit Sauerkraut-Einlage und Roggenbrotw\u00fcrfeln\" \/>\n<meta property=\"og:description\" content=\"Rustikales Wintergericht \u2013 Zero-Waste-Konzept mit Altbrotverwendung. Portionsgr\u00f6\u00dfe: 5 Gyoza + 300 ml Suppe + Croutons\" \/>\n<meta property=\"og:url\" content=\"https:\/\/yumbau.de\/en\/product\/orange-gyoza-suppe-mit-sauerkraut-einlage-und-roggenbrotwuerfeln\/\" \/>\n<meta property=\"og:site_name\" content=\"Yumbau Dim Sum\" \/>\n<meta property=\"article:publisher\" content=\"https:\/\/facebook.com\/yumbau\" \/>\n<meta name=\"twitter:card\" content=\"summary_large_image\" \/>\n<script type=\"application\/ld+json\" class=\"yoast-schema-graph\">{\"@context\":\"https:\\\/\\\/schema.org\",\"@graph\":[{\"@type\":\"WebPage\",\"@id\":\"https:\\\/\\\/yumbau.de\\\/en\\\/product\\\/orange-gyoza-suppe-mit-sauerkraut-einlage-und-roggenbrotwuerfeln\\\/\",\"url\":\"https:\\\/\\\/yumbau.de\\\/en\\\/product\\\/orange-gyoza-suppe-mit-sauerkraut-einlage-und-roggenbrotwuerfeln\\\/\",\"name\":\"Orange Gyoza-Suppe mit Sauerkraut-Einlage und Roggenbrotw\u00fcrfeln - Yumbau Dim Sum\",\"isPartOf\":{\"@id\":\"https:\\\/\\\/yumbau.de\\\/en\\\/#website\"},\"datePublished\":\"2026-04-03T12:50:36+00:00\",\"breadcrumb\":{\"@id\":\"https:\\\/\\\/yumbau.de\\\/en\\\/product\\\/orange-gyoza-suppe-mit-sauerkraut-einlage-und-roggenbrotwuerfeln\\\/#breadcrumb\"},\"inLanguage\":\"en-US\",\"potentialAction\":[{\"@type\":\"ReadAction\",\"target\":[\"https:\\\/\\\/yumbau.de\\\/en\\\/product\\\/orange-gyoza-suppe-mit-sauerkraut-einlage-und-roggenbrotwuerfeln\\\/\"]}]},{\"@type\":\"BreadcrumbList\",\"@id\":\"https:\\\/\\\/yumbau.de\\\/en\\\/product\\\/orange-gyoza-suppe-mit-sauerkraut-einlage-und-roggenbrotwuerfeln\\\/#breadcrumb\",\"itemListElement\":[{\"@type\":\"ListItem\",\"position\":1,\"name\":\"Home\",\"item\":\"https:\\\/\\\/yumbau.de\\\/en\\\/\"},{\"@type\":\"ListItem\",\"position\":2,\"name\":\"Products\",\"item\":\"https:\\\/\\\/yumbau.de\\\/en\\\/product\\\/\"},{\"@type\":\"ListItem\",\"position\":3,\"name\":\"Orange Gyoza-Suppe mit Sauerkraut-Einlage und Roggenbrotw\u00fcrfeln\"}]},{\"@type\":\"WebSite\",\"@id\":\"https:\\\/\\\/yumbau.de\\\/en\\\/#website\",\"url\":\"https:\\\/\\\/yumbau.de\\\/en\\\/\",\"name\":\"Yumbau Dim Sum\",\"description\":\"Gyoza, Dumplings, Asian foods\",\"publisher\":{\"@id\":\"https:\\\/\\\/yumbau.de\\\/en\\\/#organization\"},\"potentialAction\":[{\"@type\":\"SearchAction\",\"target\":{\"@type\":\"EntryPoint\",\"urlTemplate\":\"https:\\\/\\\/yumbau.de\\\/en\\\/?s={search_term_string}\"},\"query-input\":{\"@type\":\"PropertyValueSpecification\",\"valueRequired\":true,\"valueName\":\"search_term_string\"}}],\"inLanguage\":\"en-US\"},{\"@type\":\"Organization\",\"@id\":\"https:\\\/\\\/yumbau.de\\\/en\\\/#organization\",\"name\":\"Yumbau Dim Sum\",\"url\":\"https:\\\/\\\/yumbau.de\\\/en\\\/\",\"logo\":{\"@type\":\"ImageObject\",\"inLanguage\":\"en-US\",\"@id\":\"https:\\\/\\\/yumbau.de\\\/en\\\/#\\\/schema\\\/logo\\\/image\\\/\",\"url\":\"https:\\\/\\\/yumbau.de\\\/wp-content\\\/uploads\\\/2025\\\/02\\\/logo_full_light.png\",\"contentUrl\":\"https:\\\/\\\/yumbau.de\\\/wp-content\\\/uploads\\\/2025\\\/02\\\/logo_full_light.png\",\"width\":2201,\"height\":548,\"caption\":\"Yumbau Dim Sum\"},\"image\":{\"@id\":\"https:\\\/\\\/yumbau.de\\\/en\\\/#\\\/schema\\\/logo\\\/image\\\/\"},\"sameAs\":[\"https:\\\/\\\/facebook.com\\\/yumbau\"]}]}<\/script>\n<!-- \/ Yoast SEO Premium plugin. -->","yoast_head_json":{"title":"Orange Gyoza-Suppe mit Sauerkraut-Einlage und Roggenbrotw\u00fcrfeln - Yumbau Dim Sum","robots":{"index":"index","follow":"follow","max-snippet":"max-snippet:-1","max-image-preview":"max-image-preview:large","max-video-preview":"max-video-preview:-1"},"canonical":"https:\/\/yumbau.de\/en\/product\/orange-gyoza-suppe-mit-sauerkraut-einlage-und-roggenbrotwuerfeln\/","og_locale":"en_US","og_type":"article","og_title":"Orange Gyoza-Suppe mit Sauerkraut-Einlage und Roggenbrotw\u00fcrfeln","og_description":"Rustikales Wintergericht \u2013 Zero-Waste-Konzept mit Altbrotverwendung. Portionsgr\u00f6\u00dfe: 5 Gyoza + 300 ml Suppe + Croutons","og_url":"https:\/\/yumbau.de\/en\/product\/orange-gyoza-suppe-mit-sauerkraut-einlage-und-roggenbrotwuerfeln\/","og_site_name":"Yumbau Dim Sum","article_publisher":"https:\/\/facebook.com\/yumbau","twitter_card":"summary_large_image","schema":{"@context":"https:\/\/schema.org","@graph":[{"@type":"WebPage","@id":"https:\/\/yumbau.de\/en\/product\/orange-gyoza-suppe-mit-sauerkraut-einlage-und-roggenbrotwuerfeln\/","url":"https:\/\/yumbau.de\/en\/product\/orange-gyoza-suppe-mit-sauerkraut-einlage-und-roggenbrotwuerfeln\/","name":"Orange Gyoza-Suppe mit Sauerkraut-Einlage und Roggenbrotw\u00fcrfeln - Yumbau Dim Sum","isPartOf":{"@id":"https:\/\/yumbau.de\/en\/#website"},"datePublished":"2026-04-03T12:50:36+00:00","breadcrumb":{"@id":"https:\/\/yumbau.de\/en\/product\/orange-gyoza-suppe-mit-sauerkraut-einlage-und-roggenbrotwuerfeln\/#breadcrumb"},"inLanguage":"en-US","potentialAction":[{"@type":"ReadAction","target":["https:\/\/yumbau.de\/en\/product\/orange-gyoza-suppe-mit-sauerkraut-einlage-und-roggenbrotwuerfeln\/"]}]},{"@type":"BreadcrumbList","@id":"https:\/\/yumbau.de\/en\/product\/orange-gyoza-suppe-mit-sauerkraut-einlage-und-roggenbrotwuerfeln\/#breadcrumb","itemListElement":[{"@type":"ListItem","position":1,"name":"Home","item":"https:\/\/yumbau.de\/en\/"},{"@type":"ListItem","position":2,"name":"Products","item":"https:\/\/yumbau.de\/en\/product\/"},{"@type":"ListItem","position":3,"name":"Orange Gyoza-Suppe mit Sauerkraut-Einlage und Roggenbrotw\u00fcrfeln"}]},{"@type":"WebSite","@id":"https:\/\/yumbau.de\/en\/#website","url":"https:\/\/yumbau.de\/en\/","name":"Yumbau Dim Sum","description":"Gyoza, Dumplings, Asian foods","publisher":{"@id":"https:\/\/yumbau.de\/en\/#organization"},"potentialAction":[{"@type":"SearchAction","target":{"@type":"EntryPoint","urlTemplate":"https:\/\/yumbau.de\/en\/?s={search_term_string}"},"query-input":{"@type":"PropertyValueSpecification","valueRequired":true,"valueName":"search_term_string"}}],"inLanguage":"en-US"},{"@type":"Organization","@id":"https:\/\/yumbau.de\/en\/#organization","name":"Yumbau Dim Sum","url":"https:\/\/yumbau.de\/en\/","logo":{"@type":"ImageObject","inLanguage":"en-US","@id":"https:\/\/yumbau.de\/en\/#\/schema\/logo\/image\/","url":"https:\/\/yumbau.de\/wp-content\/uploads\/2025\/02\/logo_full_light.png","contentUrl":"https:\/\/yumbau.de\/wp-content\/uploads\/2025\/02\/logo_full_light.png","width":2201,"height":548,"caption":"Yumbau Dim Sum"},"image":{"@id":"https:\/\/yumbau.de\/en\/#\/schema\/logo\/image\/"},"sameAs":["https:\/\/facebook.com\/yumbau"]}]}},"toolset-meta":{"product-settings":{"product-main-image":{"type":"image","raw":"https:\/\/yumbau.de\/wp-content\/uploads\/2026\/04\/Yumbau_Rezept_11_web.webp","attachment_id":1023},"taste":{"type":"textfield","raw":"Orange Gyoza \u2013 Sauerkraut & Steinpilz"},"description":{"type":"wysiwyg","raw":"<p class=\"font-claude-response-body break-words whitespace-normal leading-[1.7]\"><strong>Zutaten f\u00fcr 100 Portionen:<\/strong><\/p>\r\n\r\n<ul class=\"[li_&amp;]:mb-0 [li_&amp;]:mt-1 [li_&amp;]:gap-1 [&amp;:not(:last-child)_ul]:pb-1 [&amp;:not(:last-child)_ol]:pb-1 list-disc flex flex-col gap-1 pl-8 mb-3\">\r\n \t<li class=\"whitespace-normal break-words pl-2\">500 St\u00fcck Yumbau Orange Gyoza (TK)<\/li>\r\n \t<li class=\"whitespace-normal break-words pl-2\">5 kg Sauerkraut (Konserve oder frisch)<\/li>\r\n \t<li class=\"whitespace-normal break-words pl-2\">6 kg Kartoffeln, gew\u00fcrfelt und gegart<\/li>\r\n \t<li class=\"whitespace-normal break-words pl-2\">4 kg Zwiebeln<\/li>\r\n \t<li class=\"whitespace-normal break-words pl-2\">20 l Gem\u00fcsefond<\/li>\r\n \t<li class=\"whitespace-normal break-words pl-2\">K\u00fcmmel, Lorbeer, Majoran, Salz, Pfeffer<\/li>\r\n \t<li class=\"whitespace-normal break-words pl-2\">5 kg Altbrot (Roggenmischbrot), gew\u00fcrfelt, in \u00d6l ger\u00f6stet<\/li>\r\n<\/ul>\r\n<p class=\"font-claude-response-body break-words whitespace-normal leading-[1.7]\"><strong>Zubereitung:<\/strong><\/p>\r\n\r\n<ol class=\"[li_&amp;]:mb-0 [li_&amp;]:mt-1 [li_&amp;]:gap-1 [&amp;:not(:last-child)_ul]:pb-1 [&amp;:not(:last-child)_ol]:pb-1 list-decimal flex flex-col gap-1 pl-8 mb-3\">\r\n \t<li class=\"whitespace-normal break-words pl-2\">Zwiebeln anschwitzen, Sauerkraut zugeben und kurz mitr\u00f6sten.<\/li>\r\n \t<li class=\"whitespace-normal break-words pl-2\">Gem\u00fcsefond und Kartoffelw\u00fcrfel zugeben, mit K\u00fcmmel, Lorbeer und Majoran w\u00fcrzen, 25 Minuten k\u00f6cheln.<\/li>\r\n \t<li class=\"whitespace-normal break-words pl-2\">Altbrotw\u00fcrfel in \u00d6l mit etwas Knoblauch und Salz r\u00f6sten.<\/li>\r\n \t<li class=\"whitespace-normal break-words pl-2\">Gyoza dampfgaren und in die Suppe geben.<\/li>\r\n \t<li class=\"whitespace-normal break-words pl-2\">Croutons erst kurz vor der Ausgabe aufstreuen.<\/li>\r\n<\/ol>\r\n<p class=\"font-claude-response-body break-words whitespace-normal leading-[1.7]\"><strong>???? Tipp:<\/strong> Altbrot-Croutons aus Roggenbrotresten sind ein klassisches Waste-Reduction-Tool in der Gemeinschaftsverpflegung und verleihen der Suppe eine herzhafte Note.<\/p>"}}},"_links":{"self":[{"href":"https:\/\/yumbau.de\/en\/wp-json\/wp\/v2\/product\/1188","targetHints":{"allow":["GET"]}}],"collection":[{"href":"https:\/\/yumbau.de\/en\/wp-json\/wp\/v2\/product"}],"about":[{"href":"https:\/\/yumbau.de\/en\/wp-json\/wp\/v2\/types\/product"}],"wp:attachment":[{"href":"https:\/\/yumbau.de\/en\/wp-json\/wp\/v2\/media?parent=1188"}],"wp:term":[{"taxonomy":"producttype","embeddable":true,"href":"https:\/\/yumbau.de\/en\/wp-json\/wp\/v2\/producttype?post=1188"}],"curies":[{"name":"wp","href":"https:\/\/api.w.org\/{rel}","templated":true}]}}