{"id":1185,"date":"2026-04-03T14:39:33","date_gmt":"2026-04-03T12:39:33","guid":{"rendered":"https:\/\/yumbau.de\/product\/gruene-gyoza-im-wuerzkohl-bett-fusion-sauerkraut-bowl\/"},"modified":"2026-04-03T14:39:33","modified_gmt":"2026-04-03T12:39:33","slug":"gruene-gyoza-im-wuerzkohl-bett-fusion-sauerkraut-bowl","status":"publish","type":"product","link":"https:\/\/yumbau.de\/en\/product\/gruene-gyoza-im-wuerzkohl-bett-fusion-sauerkraut-bowl\/","title":{"rendered":"Gr\u00fcne Gyoza im W\u00fcrzkohl-Bett (Fusion-Sauerkraut-Bowl)"},"excerpt":{"rendered":"<p>Zero-Waste-Konzept: Kohl in verschiedenen Zubereitungsformen kombinieren. Portionsgr\u00f6\u00dfe: 5 Gyoza + 200 g Kohl-Basis<\/p>\n","protected":false},"template":"","producttype":[54],"class_list":["post-1185","product","type-product","status-publish","hentry","producttype-recipe"],"yoast_head":"<!-- This site is optimized with the Yoast SEO Premium plugin v26.1 (Yoast SEO v27.4) - https:\/\/yoast.com\/product\/yoast-seo-premium-wordpress\/ -->\n<title>Gr\u00fcne Gyoza im W\u00fcrzkohl-Bett (Fusion-Sauerkraut-Bowl) - Yumbau Dim Sum<\/title>\n<meta name=\"robots\" content=\"index, follow, max-snippet:-1, max-image-preview:large, max-video-preview:-1\" \/>\n<link rel=\"canonical\" href=\"https:\/\/yumbau.de\/en\/product\/gruene-gyoza-im-wuerzkohl-bett-fusion-sauerkraut-bowl\/\" \/>\n<meta property=\"og:locale\" content=\"en_US\" \/>\n<meta property=\"og:type\" content=\"article\" \/>\n<meta property=\"og:title\" content=\"Gr\u00fcne Gyoza im W\u00fcrzkohl-Bett (Fusion-Sauerkraut-Bowl)\" \/>\n<meta property=\"og:description\" content=\"Zero-Waste-Konzept: Kohl in verschiedenen Zubereitungsformen kombinieren. Portionsgr\u00f6\u00dfe: 5 Gyoza + 200 g Kohl-Basis\" \/>\n<meta property=\"og:url\" content=\"https:\/\/yumbau.de\/en\/product\/gruene-gyoza-im-wuerzkohl-bett-fusion-sauerkraut-bowl\/\" \/>\n<meta property=\"og:site_name\" content=\"Yumbau Dim Sum\" \/>\n<meta property=\"article:publisher\" content=\"https:\/\/facebook.com\/yumbau\" \/>\n<meta name=\"twitter:card\" content=\"summary_large_image\" \/>\n<script type=\"application\/ld+json\" class=\"yoast-schema-graph\">{\"@context\":\"https:\\\/\\\/schema.org\",\"@graph\":[{\"@type\":\"WebPage\",\"@id\":\"https:\\\/\\\/yumbau.de\\\/en\\\/product\\\/gruene-gyoza-im-wuerzkohl-bett-fusion-sauerkraut-bowl\\\/\",\"url\":\"https:\\\/\\\/yumbau.de\\\/en\\\/product\\\/gruene-gyoza-im-wuerzkohl-bett-fusion-sauerkraut-bowl\\\/\",\"name\":\"Gr\u00fcne Gyoza im W\u00fcrzkohl-Bett (Fusion-Sauerkraut-Bowl) - Yumbau Dim Sum\",\"isPartOf\":{\"@id\":\"https:\\\/\\\/yumbau.de\\\/en\\\/#website\"},\"datePublished\":\"2026-04-03T12:39:33+00:00\",\"breadcrumb\":{\"@id\":\"https:\\\/\\\/yumbau.de\\\/en\\\/product\\\/gruene-gyoza-im-wuerzkohl-bett-fusion-sauerkraut-bowl\\\/#breadcrumb\"},\"inLanguage\":\"en-US\",\"potentialAction\":[{\"@type\":\"ReadAction\",\"target\":[\"https:\\\/\\\/yumbau.de\\\/en\\\/product\\\/gruene-gyoza-im-wuerzkohl-bett-fusion-sauerkraut-bowl\\\/\"]}]},{\"@type\":\"BreadcrumbList\",\"@id\":\"https:\\\/\\\/yumbau.de\\\/en\\\/product\\\/gruene-gyoza-im-wuerzkohl-bett-fusion-sauerkraut-bowl\\\/#breadcrumb\",\"itemListElement\":[{\"@type\":\"ListItem\",\"position\":1,\"name\":\"Home\",\"item\":\"https:\\\/\\\/yumbau.de\\\/en\\\/\"},{\"@type\":\"ListItem\",\"position\":2,\"name\":\"Products\",\"item\":\"https:\\\/\\\/yumbau.de\\\/en\\\/product\\\/\"},{\"@type\":\"ListItem\",\"position\":3,\"name\":\"Gr\u00fcne Gyoza im W\u00fcrzkohl-Bett (Fusion-Sauerkraut-Bowl)\"}]},{\"@type\":\"WebSite\",\"@id\":\"https:\\\/\\\/yumbau.de\\\/en\\\/#website\",\"url\":\"https:\\\/\\\/yumbau.de\\\/en\\\/\",\"name\":\"Yumbau Dim Sum\",\"description\":\"Gyoza, Dumplings, Asian foods\",\"publisher\":{\"@id\":\"https:\\\/\\\/yumbau.de\\\/en\\\/#organization\"},\"potentialAction\":[{\"@type\":\"SearchAction\",\"target\":{\"@type\":\"EntryPoint\",\"urlTemplate\":\"https:\\\/\\\/yumbau.de\\\/en\\\/?s={search_term_string}\"},\"query-input\":{\"@type\":\"PropertyValueSpecification\",\"valueRequired\":true,\"valueName\":\"search_term_string\"}}],\"inLanguage\":\"en-US\"},{\"@type\":\"Organization\",\"@id\":\"https:\\\/\\\/yumbau.de\\\/en\\\/#organization\",\"name\":\"Yumbau Dim Sum\",\"url\":\"https:\\\/\\\/yumbau.de\\\/en\\\/\",\"logo\":{\"@type\":\"ImageObject\",\"inLanguage\":\"en-US\",\"@id\":\"https:\\\/\\\/yumbau.de\\\/en\\\/#\\\/schema\\\/logo\\\/image\\\/\",\"url\":\"https:\\\/\\\/yumbau.de\\\/wp-content\\\/uploads\\\/2025\\\/02\\\/logo_full_light.png\",\"contentUrl\":\"https:\\\/\\\/yumbau.de\\\/wp-content\\\/uploads\\\/2025\\\/02\\\/logo_full_light.png\",\"width\":2201,\"height\":548,\"caption\":\"Yumbau Dim Sum\"},\"image\":{\"@id\":\"https:\\\/\\\/yumbau.de\\\/en\\\/#\\\/schema\\\/logo\\\/image\\\/\"},\"sameAs\":[\"https:\\\/\\\/facebook.com\\\/yumbau\"]}]}<\/script>\n<!-- \/ Yoast SEO Premium plugin. -->","yoast_head_json":{"title":"Gr\u00fcne Gyoza im W\u00fcrzkohl-Bett (Fusion-Sauerkraut-Bowl) - Yumbau Dim Sum","robots":{"index":"index","follow":"follow","max-snippet":"max-snippet:-1","max-image-preview":"max-image-preview:large","max-video-preview":"max-video-preview:-1"},"canonical":"https:\/\/yumbau.de\/en\/product\/gruene-gyoza-im-wuerzkohl-bett-fusion-sauerkraut-bowl\/","og_locale":"en_US","og_type":"article","og_title":"Gr\u00fcne Gyoza im W\u00fcrzkohl-Bett (Fusion-Sauerkraut-Bowl)","og_description":"Zero-Waste-Konzept: Kohl in verschiedenen Zubereitungsformen kombinieren. Portionsgr\u00f6\u00dfe: 5 Gyoza + 200 g Kohl-Basis","og_url":"https:\/\/yumbau.de\/en\/product\/gruene-gyoza-im-wuerzkohl-bett-fusion-sauerkraut-bowl\/","og_site_name":"Yumbau Dim Sum","article_publisher":"https:\/\/facebook.com\/yumbau","twitter_card":"summary_large_image","schema":{"@context":"https:\/\/schema.org","@graph":[{"@type":"WebPage","@id":"https:\/\/yumbau.de\/en\/product\/gruene-gyoza-im-wuerzkohl-bett-fusion-sauerkraut-bowl\/","url":"https:\/\/yumbau.de\/en\/product\/gruene-gyoza-im-wuerzkohl-bett-fusion-sauerkraut-bowl\/","name":"Gr\u00fcne Gyoza im W\u00fcrzkohl-Bett (Fusion-Sauerkraut-Bowl) - Yumbau Dim Sum","isPartOf":{"@id":"https:\/\/yumbau.de\/en\/#website"},"datePublished":"2026-04-03T12:39:33+00:00","breadcrumb":{"@id":"https:\/\/yumbau.de\/en\/product\/gruene-gyoza-im-wuerzkohl-bett-fusion-sauerkraut-bowl\/#breadcrumb"},"inLanguage":"en-US","potentialAction":[{"@type":"ReadAction","target":["https:\/\/yumbau.de\/en\/product\/gruene-gyoza-im-wuerzkohl-bett-fusion-sauerkraut-bowl\/"]}]},{"@type":"BreadcrumbList","@id":"https:\/\/yumbau.de\/en\/product\/gruene-gyoza-im-wuerzkohl-bett-fusion-sauerkraut-bowl\/#breadcrumb","itemListElement":[{"@type":"ListItem","position":1,"name":"Home","item":"https:\/\/yumbau.de\/en\/"},{"@type":"ListItem","position":2,"name":"Products","item":"https:\/\/yumbau.de\/en\/product\/"},{"@type":"ListItem","position":3,"name":"Gr\u00fcne Gyoza im W\u00fcrzkohl-Bett (Fusion-Sauerkraut-Bowl)"}]},{"@type":"WebSite","@id":"https:\/\/yumbau.de\/en\/#website","url":"https:\/\/yumbau.de\/en\/","name":"Yumbau Dim Sum","description":"Gyoza, Dumplings, Asian foods","publisher":{"@id":"https:\/\/yumbau.de\/en\/#organization"},"potentialAction":[{"@type":"SearchAction","target":{"@type":"EntryPoint","urlTemplate":"https:\/\/yumbau.de\/en\/?s={search_term_string}"},"query-input":{"@type":"PropertyValueSpecification","valueRequired":true,"valueName":"search_term_string"}}],"inLanguage":"en-US"},{"@type":"Organization","@id":"https:\/\/yumbau.de\/en\/#organization","name":"Yumbau Dim Sum","url":"https:\/\/yumbau.de\/en\/","logo":{"@type":"ImageObject","inLanguage":"en-US","@id":"https:\/\/yumbau.de\/en\/#\/schema\/logo\/image\/","url":"https:\/\/yumbau.de\/wp-content\/uploads\/2025\/02\/logo_full_light.png","contentUrl":"https:\/\/yumbau.de\/wp-content\/uploads\/2025\/02\/logo_full_light.png","width":2201,"height":548,"caption":"Yumbau Dim Sum"},"image":{"@id":"https:\/\/yumbau.de\/en\/#\/schema\/logo\/image\/"},"sameAs":["https:\/\/facebook.com\/yumbau"]}]}},"toolset-meta":{"product-settings":{"product-main-image":{"type":"image","raw":"https:\/\/yumbau.de\/wp-content\/uploads\/2026\/04\/Yumbau_Rezept_08_web.webp","attachment_id":1013},"taste":{"type":"textfield","raw":"Gr\u00fcne Gyoza \u2013 Edamame Tr\u00fcffel"},"description":{"type":"wysiwyg","raw":"<p class=\"font-claude-response-body break-words whitespace-normal leading-[1.7]\"><strong>Zutaten f\u00fcr 100 Portionen:<\/strong><\/p>\r\n\r\n<ul class=\"[li_&amp;]:mb-0 [li_&amp;]:mt-1 [li_&amp;]:gap-1 [&amp;:not(:last-child)_ul]:pb-1 [&amp;:not(:last-child)_ol]:pb-1 list-disc flex flex-col gap-1 pl-8 mb-3\">\r\n \t<li class=\"whitespace-normal break-words pl-2\">500 St\u00fcck Yumbau Gr\u00fcne Gyoza (TK)<\/li>\r\n \t<li class=\"whitespace-normal break-words pl-2\">12 kg Spitzkohl oder Wei\u00dfkohl, fein geschnitten<\/li>\r\n \t<li class=\"whitespace-normal break-words pl-2\">3 kg M\u00f6hren, geraspelt<\/li>\r\n \t<li class=\"whitespace-normal break-words pl-2\">500 ml Apfelessig<\/li>\r\n \t<li class=\"whitespace-normal break-words pl-2\">200 ml Sonnenblumen\u00f6l<\/li>\r\n \t<li class=\"whitespace-normal break-words pl-2\">150 g Zucker<\/li>\r\n \t<li class=\"whitespace-normal break-words pl-2\">K\u00fcmmel, Salz, Pfeffer<\/li>\r\n \t<li class=\"whitespace-normal break-words pl-2\">2 kg Rote Bete (vorgekocht, vakuumiert), in Streifen<\/li>\r\n<\/ul>\r\n<p class=\"font-claude-response-body break-words whitespace-normal leading-[1.7]\"><strong>Zubereitung:<\/strong><\/p>\r\n\r\n<ol class=\"[li_&amp;]:mb-0 [li_&amp;]:mt-1 [li_&amp;]:gap-1 [&amp;:not(:last-child)_ul]:pb-1 [&amp;:not(:last-child)_ol]:pb-1 list-decimal flex flex-col gap-1 pl-8 mb-3\">\r\n \t<li class=\"whitespace-normal break-words pl-2\">Kohl mit Salz ankneten, M\u00f6hren, Essig, \u00d6l, Zucker und K\u00fcmmel zugeben, mindestens 1 Stunde marinieren lassen.<\/li>\r\n \t<li class=\"whitespace-normal break-words pl-2\">Rote-Bete-Streifen separat marinieren (Essig, Salz, etwas Zucker).<\/li>\r\n \t<li class=\"whitespace-normal break-words pl-2\">Gyoza dampfgaren oder braten.<\/li>\r\n \t<li class=\"whitespace-normal break-words pl-2\">Kohl als Basis in Schalen anrichten, Rote Bete als Farbakzent einsetzen, Gyoza darauf platzieren.<\/li>\r\n<\/ol>\r\n<p class=\"font-claude-response-body break-words whitespace-normal leading-[1.7]\"><strong>???? Tipp:<\/strong> Rote Bete aus Deutschland ist g\u00fcnstig, regional und saisonal verf\u00fcgbar \u2013 und liefert einen starken visuellen Kontrast zu den gr\u00fcnen Gyoza auf dem Teller.<\/p>"}}},"_links":{"self":[{"href":"https:\/\/yumbau.de\/en\/wp-json\/wp\/v2\/product\/1185","targetHints":{"allow":["GET"]}}],"collection":[{"href":"https:\/\/yumbau.de\/en\/wp-json\/wp\/v2\/product"}],"about":[{"href":"https:\/\/yumbau.de\/en\/wp-json\/wp\/v2\/types\/product"}],"wp:attachment":[{"href":"https:\/\/yumbau.de\/en\/wp-json\/wp\/v2\/media?parent=1185"}],"wp:term":[{"taxonomy":"producttype","embeddable":true,"href":"https:\/\/yumbau.de\/en\/wp-json\/wp\/v2\/producttype?post=1185"}],"curies":[{"name":"wp","href":"https:\/\/api.w.org\/{rel}","templated":true}]}}