{"id":1184,"date":"2026-04-03T14:37:35","date_gmt":"2026-04-03T12:37:35","guid":{"rendered":"https:\/\/yumbau.de\/product\/gebratene-gruene-gyoza-mit-kartoffelstampf-und-schnittlauch-rahm\/"},"modified":"2026-04-03T14:37:35","modified_gmt":"2026-04-03T12:37:35","slug":"gebratene-gruene-gyoza-mit-kartoffelstampf-und-schnittlauch-rahm","status":"publish","type":"product","link":"https:\/\/yumbau.de\/en\/product\/gebratene-gruene-gyoza-mit-kartoffelstampf-und-schnittlauch-rahm\/","title":{"rendered":"Gebratene Gr\u00fcne Gyoza mit Kartoffelstampf und Schnittlauch-Rahm"},"excerpt":{"rendered":"<p>Fusion-Konzept zwischen asiatischer und mitteleurop\u00e4ischer K\u00fcche \u2013 hohe G\u00e4steakzeptanz in deutschen Betriebsrestaurants. Portionsgr\u00f6\u00dfe: 4 Gyoza + 180 g Stampfkartoffeln.<\/p>\n","protected":false},"template":"","producttype":[54],"class_list":["post-1184","product","type-product","status-publish","hentry","producttype-recipe"],"yoast_head":"<!-- This site is optimized with the Yoast SEO Premium plugin v26.1 (Yoast SEO v27.4) - https:\/\/yoast.com\/product\/yoast-seo-premium-wordpress\/ -->\n<title>Gebratene Gr\u00fcne Gyoza mit Kartoffelstampf und Schnittlauch-Rahm - Yumbau Dim Sum<\/title>\n<meta name=\"robots\" content=\"index, follow, max-snippet:-1, max-image-preview:large, max-video-preview:-1\" \/>\n<link rel=\"canonical\" href=\"https:\/\/yumbau.de\/en\/product\/gebratene-gruene-gyoza-mit-kartoffelstampf-und-schnittlauch-rahm\/\" \/>\n<meta property=\"og:locale\" content=\"en_US\" \/>\n<meta property=\"og:type\" content=\"article\" \/>\n<meta property=\"og:title\" content=\"Gebratene Gr\u00fcne Gyoza mit Kartoffelstampf und Schnittlauch-Rahm\" \/>\n<meta property=\"og:description\" content=\"Fusion-Konzept zwischen asiatischer und mitteleurop\u00e4ischer K\u00fcche \u2013 hohe G\u00e4steakzeptanz in deutschen Betriebsrestaurants. Portionsgr\u00f6\u00dfe: 4 Gyoza + 180 g Stampfkartoffeln.\" \/>\n<meta property=\"og:url\" content=\"https:\/\/yumbau.de\/en\/product\/gebratene-gruene-gyoza-mit-kartoffelstampf-und-schnittlauch-rahm\/\" \/>\n<meta property=\"og:site_name\" content=\"Yumbau Dim Sum\" \/>\n<meta property=\"article:publisher\" content=\"https:\/\/facebook.com\/yumbau\" \/>\n<meta name=\"twitter:card\" content=\"summary_large_image\" \/>\n<script type=\"application\/ld+json\" class=\"yoast-schema-graph\">{\"@context\":\"https:\\\/\\\/schema.org\",\"@graph\":[{\"@type\":\"WebPage\",\"@id\":\"https:\\\/\\\/yumbau.de\\\/en\\\/product\\\/gebratene-gruene-gyoza-mit-kartoffelstampf-und-schnittlauch-rahm\\\/\",\"url\":\"https:\\\/\\\/yumbau.de\\\/en\\\/product\\\/gebratene-gruene-gyoza-mit-kartoffelstampf-und-schnittlauch-rahm\\\/\",\"name\":\"Gebratene Gr\u00fcne Gyoza mit Kartoffelstampf und Schnittlauch-Rahm - Yumbau Dim Sum\",\"isPartOf\":{\"@id\":\"https:\\\/\\\/yumbau.de\\\/en\\\/#website\"},\"datePublished\":\"2026-04-03T12:37:35+00:00\",\"breadcrumb\":{\"@id\":\"https:\\\/\\\/yumbau.de\\\/en\\\/product\\\/gebratene-gruene-gyoza-mit-kartoffelstampf-und-schnittlauch-rahm\\\/#breadcrumb\"},\"inLanguage\":\"en-US\",\"potentialAction\":[{\"@type\":\"ReadAction\",\"target\":[\"https:\\\/\\\/yumbau.de\\\/en\\\/product\\\/gebratene-gruene-gyoza-mit-kartoffelstampf-und-schnittlauch-rahm\\\/\"]}]},{\"@type\":\"BreadcrumbList\",\"@id\":\"https:\\\/\\\/yumbau.de\\\/en\\\/product\\\/gebratene-gruene-gyoza-mit-kartoffelstampf-und-schnittlauch-rahm\\\/#breadcrumb\",\"itemListElement\":[{\"@type\":\"ListItem\",\"position\":1,\"name\":\"Home\",\"item\":\"https:\\\/\\\/yumbau.de\\\/en\\\/\"},{\"@type\":\"ListItem\",\"position\":2,\"name\":\"Products\",\"item\":\"https:\\\/\\\/yumbau.de\\\/en\\\/product\\\/\"},{\"@type\":\"ListItem\",\"position\":3,\"name\":\"Gebratene Gr\u00fcne Gyoza mit Kartoffelstampf und Schnittlauch-Rahm\"}]},{\"@type\":\"WebSite\",\"@id\":\"https:\\\/\\\/yumbau.de\\\/en\\\/#website\",\"url\":\"https:\\\/\\\/yumbau.de\\\/en\\\/\",\"name\":\"Yumbau Dim Sum\",\"description\":\"Gyoza, Dumplings, Asian foods\",\"publisher\":{\"@id\":\"https:\\\/\\\/yumbau.de\\\/en\\\/#organization\"},\"potentialAction\":[{\"@type\":\"SearchAction\",\"target\":{\"@type\":\"EntryPoint\",\"urlTemplate\":\"https:\\\/\\\/yumbau.de\\\/en\\\/?s={search_term_string}\"},\"query-input\":{\"@type\":\"PropertyValueSpecification\",\"valueRequired\":true,\"valueName\":\"search_term_string\"}}],\"inLanguage\":\"en-US\"},{\"@type\":\"Organization\",\"@id\":\"https:\\\/\\\/yumbau.de\\\/en\\\/#organization\",\"name\":\"Yumbau Dim Sum\",\"url\":\"https:\\\/\\\/yumbau.de\\\/en\\\/\",\"logo\":{\"@type\":\"ImageObject\",\"inLanguage\":\"en-US\",\"@id\":\"https:\\\/\\\/yumbau.de\\\/en\\\/#\\\/schema\\\/logo\\\/image\\\/\",\"url\":\"https:\\\/\\\/yumbau.de\\\/wp-content\\\/uploads\\\/2025\\\/02\\\/logo_full_light.png\",\"contentUrl\":\"https:\\\/\\\/yumbau.de\\\/wp-content\\\/uploads\\\/2025\\\/02\\\/logo_full_light.png\",\"width\":2201,\"height\":548,\"caption\":\"Yumbau Dim Sum\"},\"image\":{\"@id\":\"https:\\\/\\\/yumbau.de\\\/en\\\/#\\\/schema\\\/logo\\\/image\\\/\"},\"sameAs\":[\"https:\\\/\\\/facebook.com\\\/yumbau\"]}]}<\/script>\n<!-- \/ Yoast SEO Premium plugin. -->","yoast_head_json":{"title":"Gebratene Gr\u00fcne Gyoza mit Kartoffelstampf und Schnittlauch-Rahm - Yumbau Dim Sum","robots":{"index":"index","follow":"follow","max-snippet":"max-snippet:-1","max-image-preview":"max-image-preview:large","max-video-preview":"max-video-preview:-1"},"canonical":"https:\/\/yumbau.de\/en\/product\/gebratene-gruene-gyoza-mit-kartoffelstampf-und-schnittlauch-rahm\/","og_locale":"en_US","og_type":"article","og_title":"Gebratene Gr\u00fcne Gyoza mit Kartoffelstampf und Schnittlauch-Rahm","og_description":"Fusion-Konzept zwischen asiatischer und mitteleurop\u00e4ischer K\u00fcche \u2013 hohe G\u00e4steakzeptanz in deutschen Betriebsrestaurants. Portionsgr\u00f6\u00dfe: 4 Gyoza + 180 g Stampfkartoffeln.","og_url":"https:\/\/yumbau.de\/en\/product\/gebratene-gruene-gyoza-mit-kartoffelstampf-und-schnittlauch-rahm\/","og_site_name":"Yumbau Dim Sum","article_publisher":"https:\/\/facebook.com\/yumbau","twitter_card":"summary_large_image","schema":{"@context":"https:\/\/schema.org","@graph":[{"@type":"WebPage","@id":"https:\/\/yumbau.de\/en\/product\/gebratene-gruene-gyoza-mit-kartoffelstampf-und-schnittlauch-rahm\/","url":"https:\/\/yumbau.de\/en\/product\/gebratene-gruene-gyoza-mit-kartoffelstampf-und-schnittlauch-rahm\/","name":"Gebratene Gr\u00fcne Gyoza mit Kartoffelstampf und Schnittlauch-Rahm - Yumbau Dim Sum","isPartOf":{"@id":"https:\/\/yumbau.de\/en\/#website"},"datePublished":"2026-04-03T12:37:35+00:00","breadcrumb":{"@id":"https:\/\/yumbau.de\/en\/product\/gebratene-gruene-gyoza-mit-kartoffelstampf-und-schnittlauch-rahm\/#breadcrumb"},"inLanguage":"en-US","potentialAction":[{"@type":"ReadAction","target":["https:\/\/yumbau.de\/en\/product\/gebratene-gruene-gyoza-mit-kartoffelstampf-und-schnittlauch-rahm\/"]}]},{"@type":"BreadcrumbList","@id":"https:\/\/yumbau.de\/en\/product\/gebratene-gruene-gyoza-mit-kartoffelstampf-und-schnittlauch-rahm\/#breadcrumb","itemListElement":[{"@type":"ListItem","position":1,"name":"Home","item":"https:\/\/yumbau.de\/en\/"},{"@type":"ListItem","position":2,"name":"Products","item":"https:\/\/yumbau.de\/en\/product\/"},{"@type":"ListItem","position":3,"name":"Gebratene Gr\u00fcne Gyoza mit Kartoffelstampf und Schnittlauch-Rahm"}]},{"@type":"WebSite","@id":"https:\/\/yumbau.de\/en\/#website","url":"https:\/\/yumbau.de\/en\/","name":"Yumbau Dim Sum","description":"Gyoza, Dumplings, Asian foods","publisher":{"@id":"https:\/\/yumbau.de\/en\/#organization"},"potentialAction":[{"@type":"SearchAction","target":{"@type":"EntryPoint","urlTemplate":"https:\/\/yumbau.de\/en\/?s={search_term_string}"},"query-input":{"@type":"PropertyValueSpecification","valueRequired":true,"valueName":"search_term_string"}}],"inLanguage":"en-US"},{"@type":"Organization","@id":"https:\/\/yumbau.de\/en\/#organization","name":"Yumbau Dim Sum","url":"https:\/\/yumbau.de\/en\/","logo":{"@type":"ImageObject","inLanguage":"en-US","@id":"https:\/\/yumbau.de\/en\/#\/schema\/logo\/image\/","url":"https:\/\/yumbau.de\/wp-content\/uploads\/2025\/02\/logo_full_light.png","contentUrl":"https:\/\/yumbau.de\/wp-content\/uploads\/2025\/02\/logo_full_light.png","width":2201,"height":548,"caption":"Yumbau Dim Sum"},"image":{"@id":"https:\/\/yumbau.de\/en\/#\/schema\/logo\/image\/"},"sameAs":["https:\/\/facebook.com\/yumbau"]}]}},"toolset-meta":{"product-settings":{"product-main-image":{"type":"image","raw":"https:\/\/yumbau.de\/wp-content\/uploads\/2026\/04\/Yumbau_Rezept_07_web.webp","attachment_id":1011},"taste":{"type":"textfield","raw":"Gr\u00fcne Gyoza \u2013 Edamame Tr\u00fcffel"},"description":{"type":"wysiwyg","raw":"<p class=\"font-claude-response-body break-words whitespace-normal leading-[1.7]\"><strong>Zutaten f\u00fcr 100 Portionen:<\/strong><\/p>\r\n\r\n<ul class=\"[li_&amp;]:mb-0 [li_&amp;]:mt-1 [li_&amp;]:gap-1 [&amp;:not(:last-child)_ul]:pb-1 [&amp;:not(:last-child)_ol]:pb-1 list-disc flex flex-col gap-1 pl-8 mb-3\">\r\n \t<li class=\"whitespace-normal break-words pl-2\">400 St\u00fcck Yumbau Gr\u00fcne Gyoza (TK)<\/li>\r\n \t<li class=\"whitespace-normal break-words pl-2\">25 kg Kartoffeln (mehligkochend)<\/li>\r\n \t<li class=\"whitespace-normal break-words pl-2\">5 l Vollmilch oder Pflanzenmilch<\/li>\r\n \t<li class=\"whitespace-normal break-words pl-2\">500 g Butter oder Margarine<\/li>\r\n \t<li class=\"whitespace-normal break-words pl-2\">2 kg Schnittlauch (TK oder frisch)<\/li>\r\n \t<li class=\"whitespace-normal break-words pl-2\">1 l Sauerrahm oder Cr\u00e8me fra\u00eeche<\/li>\r\n \t<li class=\"whitespace-normal break-words pl-2\">Salz, Pfeffer, Muskat<\/li>\r\n<\/ul>\r\n<p class=\"font-claude-response-body break-words whitespace-normal leading-[1.7]\"><strong>Zubereitung:<\/strong><\/p>\r\n\r\n<ol class=\"[li_&amp;]:mb-0 [li_&amp;]:mt-1 [li_&amp;]:gap-1 [&amp;:not(:last-child)_ul]:pb-1 [&amp;:not(:last-child)_ol]:pb-1 list-decimal flex flex-col gap-1 pl-8 mb-3\">\r\n \t<li class=\"whitespace-normal break-words pl-2\">Kartoffeln sch\u00e4len, kochen und zu einem rustikalen Stampf verarbeiten \u2013 nicht zu fein, damit die Textur erhalten bleibt.<\/li>\r\n \t<li class=\"whitespace-normal break-words pl-2\">Schnittlauch fein schneiden, mit Sauerrahm verr\u00fchren, mit Salz und Pfeffer abschmecken.<\/li>\r\n \t<li class=\"whitespace-normal break-words pl-2\">Gyoza in der Pfanne kross braten.<\/li>\r\n \t<li class=\"whitespace-normal break-words pl-2\">Stampfkartoffeln auf dem Teller anrichten, Gyoza anlehnen, Schnittlauch-Rahm in einem kleinen Saucier dazu reichen oder direkt aufgie\u00dfen.<\/li>\r\n<\/ol>\r\n<p class=\"font-claude-response-body break-words whitespace-normal leading-[1.7]\"><strong>???? Tipp:<\/strong> Diese Kombination schl\u00e4gt kulinarisch eine Br\u00fccke zwischen vertrauten Geschm\u00e4ckern und internationaler K\u00fcche \u2013 das f\u00f6rdert die Akzeptanz auch bei weniger experimentierfreudigen G\u00e4sten.<\/p>"}}},"_links":{"self":[{"href":"https:\/\/yumbau.de\/en\/wp-json\/wp\/v2\/product\/1184","targetHints":{"allow":["GET"]}}],"collection":[{"href":"https:\/\/yumbau.de\/en\/wp-json\/wp\/v2\/product"}],"about":[{"href":"https:\/\/yumbau.de\/en\/wp-json\/wp\/v2\/types\/product"}],"wp:attachment":[{"href":"https:\/\/yumbau.de\/en\/wp-json\/wp\/v2\/media?parent=1184"}],"wp:term":[{"taxonomy":"producttype","embeddable":true,"href":"https:\/\/yumbau.de\/en\/wp-json\/wp\/v2\/producttype?post=1184"}],"curies":[{"name":"wp","href":"https:\/\/api.w.org\/{rel}","templated":true}]}}