{"id":1183,"date":"2026-04-03T14:34:59","date_gmt":"2026-04-03T12:34:59","guid":{"rendered":"https:\/\/yumbau.de\/product\/gruene-gyoza-auf-erbspueree-mit-geroesteten-zwiebeln\/"},"modified":"2026-04-03T14:34:59","modified_gmt":"2026-04-03T12:34:59","slug":"gruene-gyoza-auf-erbspueree-mit-geroesteten-zwiebeln","status":"publish","type":"product","link":"https:\/\/yumbau.de\/en\/product\/gruene-gyoza-auf-erbspueree-mit-geroesteten-zwiebeln\/","title":{"rendered":"Gr\u00fcne Gyoza auf Erbsp\u00fcree mit ger\u00f6steten Zwiebeln"},"excerpt":{"rendered":"<p>Saisonal und regional \u2013 Erbsp\u00fcree aus getrockneten Gelben Erbsen ist eine der g\u00fcnstigsten Proteinbeilagen \u00fcberhaupt. Portionsgr\u00f6\u00dfe: 5 Gyoza + 150 g P\u00fcree<\/p>\n","protected":false},"template":"","producttype":[54],"class_list":["post-1183","product","type-product","status-publish","hentry","producttype-recipe"],"yoast_head":"<!-- This site is optimized with the Yoast SEO Premium plugin v26.1 (Yoast SEO v27.4) - https:\/\/yoast.com\/product\/yoast-seo-premium-wordpress\/ -->\n<title>Gr\u00fcne Gyoza auf Erbsp\u00fcree mit ger\u00f6steten Zwiebeln - Yumbau Dim Sum<\/title>\n<meta name=\"robots\" content=\"index, follow, max-snippet:-1, max-image-preview:large, max-video-preview:-1\" \/>\n<link rel=\"canonical\" href=\"https:\/\/yumbau.de\/en\/product\/gruene-gyoza-auf-erbspueree-mit-geroesteten-zwiebeln\/\" \/>\n<meta property=\"og:locale\" content=\"en_US\" \/>\n<meta property=\"og:type\" content=\"article\" \/>\n<meta property=\"og:title\" content=\"Gr\u00fcne Gyoza auf Erbsp\u00fcree mit ger\u00f6steten Zwiebeln\" \/>\n<meta property=\"og:description\" content=\"Saisonal und regional \u2013 Erbsp\u00fcree aus getrockneten Gelben Erbsen ist eine der g\u00fcnstigsten Proteinbeilagen \u00fcberhaupt. Portionsgr\u00f6\u00dfe: 5 Gyoza + 150 g P\u00fcree\" \/>\n<meta property=\"og:url\" content=\"https:\/\/yumbau.de\/en\/product\/gruene-gyoza-auf-erbspueree-mit-geroesteten-zwiebeln\/\" \/>\n<meta property=\"og:site_name\" content=\"Yumbau Dim Sum\" \/>\n<meta property=\"article:publisher\" content=\"https:\/\/facebook.com\/yumbau\" \/>\n<meta name=\"twitter:card\" content=\"summary_large_image\" \/>\n<script type=\"application\/ld+json\" class=\"yoast-schema-graph\">{\"@context\":\"https:\\\/\\\/schema.org\",\"@graph\":[{\"@type\":\"WebPage\",\"@id\":\"https:\\\/\\\/yumbau.de\\\/en\\\/product\\\/gruene-gyoza-auf-erbspueree-mit-geroesteten-zwiebeln\\\/\",\"url\":\"https:\\\/\\\/yumbau.de\\\/en\\\/product\\\/gruene-gyoza-auf-erbspueree-mit-geroesteten-zwiebeln\\\/\",\"name\":\"Gr\u00fcne Gyoza auf Erbsp\u00fcree mit ger\u00f6steten Zwiebeln - Yumbau Dim Sum\",\"isPartOf\":{\"@id\":\"https:\\\/\\\/yumbau.de\\\/en\\\/#website\"},\"datePublished\":\"2026-04-03T12:34:59+00:00\",\"breadcrumb\":{\"@id\":\"https:\\\/\\\/yumbau.de\\\/en\\\/product\\\/gruene-gyoza-auf-erbspueree-mit-geroesteten-zwiebeln\\\/#breadcrumb\"},\"inLanguage\":\"en-US\",\"potentialAction\":[{\"@type\":\"ReadAction\",\"target\":[\"https:\\\/\\\/yumbau.de\\\/en\\\/product\\\/gruene-gyoza-auf-erbspueree-mit-geroesteten-zwiebeln\\\/\"]}]},{\"@type\":\"BreadcrumbList\",\"@id\":\"https:\\\/\\\/yumbau.de\\\/en\\\/product\\\/gruene-gyoza-auf-erbspueree-mit-geroesteten-zwiebeln\\\/#breadcrumb\",\"itemListElement\":[{\"@type\":\"ListItem\",\"position\":1,\"name\":\"Home\",\"item\":\"https:\\\/\\\/yumbau.de\\\/en\\\/\"},{\"@type\":\"ListItem\",\"position\":2,\"name\":\"Products\",\"item\":\"https:\\\/\\\/yumbau.de\\\/en\\\/product\\\/\"},{\"@type\":\"ListItem\",\"position\":3,\"name\":\"Gr\u00fcne Gyoza auf Erbsp\u00fcree mit ger\u00f6steten Zwiebeln\"}]},{\"@type\":\"WebSite\",\"@id\":\"https:\\\/\\\/yumbau.de\\\/en\\\/#website\",\"url\":\"https:\\\/\\\/yumbau.de\\\/en\\\/\",\"name\":\"Yumbau Dim Sum\",\"description\":\"Gyoza, Dumplings, Asian foods\",\"publisher\":{\"@id\":\"https:\\\/\\\/yumbau.de\\\/en\\\/#organization\"},\"potentialAction\":[{\"@type\":\"SearchAction\",\"target\":{\"@type\":\"EntryPoint\",\"urlTemplate\":\"https:\\\/\\\/yumbau.de\\\/en\\\/?s={search_term_string}\"},\"query-input\":{\"@type\":\"PropertyValueSpecification\",\"valueRequired\":true,\"valueName\":\"search_term_string\"}}],\"inLanguage\":\"en-US\"},{\"@type\":\"Organization\",\"@id\":\"https:\\\/\\\/yumbau.de\\\/en\\\/#organization\",\"name\":\"Yumbau Dim Sum\",\"url\":\"https:\\\/\\\/yumbau.de\\\/en\\\/\",\"logo\":{\"@type\":\"ImageObject\",\"inLanguage\":\"en-US\",\"@id\":\"https:\\\/\\\/yumbau.de\\\/en\\\/#\\\/schema\\\/logo\\\/image\\\/\",\"url\":\"https:\\\/\\\/yumbau.de\\\/wp-content\\\/uploads\\\/2025\\\/02\\\/logo_full_light.png\",\"contentUrl\":\"https:\\\/\\\/yumbau.de\\\/wp-content\\\/uploads\\\/2025\\\/02\\\/logo_full_light.png\",\"width\":2201,\"height\":548,\"caption\":\"Yumbau Dim Sum\"},\"image\":{\"@id\":\"https:\\\/\\\/yumbau.de\\\/en\\\/#\\\/schema\\\/logo\\\/image\\\/\"},\"sameAs\":[\"https:\\\/\\\/facebook.com\\\/yumbau\"]}]}<\/script>\n<!-- \/ Yoast SEO Premium plugin. -->","yoast_head_json":{"title":"Gr\u00fcne Gyoza auf Erbsp\u00fcree mit ger\u00f6steten Zwiebeln - Yumbau Dim Sum","robots":{"index":"index","follow":"follow","max-snippet":"max-snippet:-1","max-image-preview":"max-image-preview:large","max-video-preview":"max-video-preview:-1"},"canonical":"https:\/\/yumbau.de\/en\/product\/gruene-gyoza-auf-erbspueree-mit-geroesteten-zwiebeln\/","og_locale":"en_US","og_type":"article","og_title":"Gr\u00fcne Gyoza auf Erbsp\u00fcree mit ger\u00f6steten Zwiebeln","og_description":"Saisonal und regional \u2013 Erbsp\u00fcree aus getrockneten Gelben Erbsen ist eine der g\u00fcnstigsten Proteinbeilagen \u00fcberhaupt. Portionsgr\u00f6\u00dfe: 5 Gyoza + 150 g P\u00fcree","og_url":"https:\/\/yumbau.de\/en\/product\/gruene-gyoza-auf-erbspueree-mit-geroesteten-zwiebeln\/","og_site_name":"Yumbau Dim Sum","article_publisher":"https:\/\/facebook.com\/yumbau","twitter_card":"summary_large_image","schema":{"@context":"https:\/\/schema.org","@graph":[{"@type":"WebPage","@id":"https:\/\/yumbau.de\/en\/product\/gruene-gyoza-auf-erbspueree-mit-geroesteten-zwiebeln\/","url":"https:\/\/yumbau.de\/en\/product\/gruene-gyoza-auf-erbspueree-mit-geroesteten-zwiebeln\/","name":"Gr\u00fcne Gyoza auf Erbsp\u00fcree mit ger\u00f6steten Zwiebeln - Yumbau Dim Sum","isPartOf":{"@id":"https:\/\/yumbau.de\/en\/#website"},"datePublished":"2026-04-03T12:34:59+00:00","breadcrumb":{"@id":"https:\/\/yumbau.de\/en\/product\/gruene-gyoza-auf-erbspueree-mit-geroesteten-zwiebeln\/#breadcrumb"},"inLanguage":"en-US","potentialAction":[{"@type":"ReadAction","target":["https:\/\/yumbau.de\/en\/product\/gruene-gyoza-auf-erbspueree-mit-geroesteten-zwiebeln\/"]}]},{"@type":"BreadcrumbList","@id":"https:\/\/yumbau.de\/en\/product\/gruene-gyoza-auf-erbspueree-mit-geroesteten-zwiebeln\/#breadcrumb","itemListElement":[{"@type":"ListItem","position":1,"name":"Home","item":"https:\/\/yumbau.de\/en\/"},{"@type":"ListItem","position":2,"name":"Products","item":"https:\/\/yumbau.de\/en\/product\/"},{"@type":"ListItem","position":3,"name":"Gr\u00fcne Gyoza auf Erbsp\u00fcree mit ger\u00f6steten Zwiebeln"}]},{"@type":"WebSite","@id":"https:\/\/yumbau.de\/en\/#website","url":"https:\/\/yumbau.de\/en\/","name":"Yumbau Dim Sum","description":"Gyoza, Dumplings, Asian foods","publisher":{"@id":"https:\/\/yumbau.de\/en\/#organization"},"potentialAction":[{"@type":"SearchAction","target":{"@type":"EntryPoint","urlTemplate":"https:\/\/yumbau.de\/en\/?s={search_term_string}"},"query-input":{"@type":"PropertyValueSpecification","valueRequired":true,"valueName":"search_term_string"}}],"inLanguage":"en-US"},{"@type":"Organization","@id":"https:\/\/yumbau.de\/en\/#organization","name":"Yumbau Dim Sum","url":"https:\/\/yumbau.de\/en\/","logo":{"@type":"ImageObject","inLanguage":"en-US","@id":"https:\/\/yumbau.de\/en\/#\/schema\/logo\/image\/","url":"https:\/\/yumbau.de\/wp-content\/uploads\/2025\/02\/logo_full_light.png","contentUrl":"https:\/\/yumbau.de\/wp-content\/uploads\/2025\/02\/logo_full_light.png","width":2201,"height":548,"caption":"Yumbau Dim Sum"},"image":{"@id":"https:\/\/yumbau.de\/en\/#\/schema\/logo\/image\/"},"sameAs":["https:\/\/facebook.com\/yumbau"]}]}},"toolset-meta":{"product-settings":{"product-main-image":{"type":"image","raw":"https:\/\/yumbau.de\/wp-content\/uploads\/2026\/04\/Yumbau_Rezept_06_web.webp","attachment_id":1008},"taste":{"type":"textfield","raw":"Gr\u00fcne Gyoza \u2013 Edamame Tr\u00fcffel"},"description":{"type":"wysiwyg","raw":"<p class=\"font-claude-response-body break-words whitespace-normal leading-[1.7]\"><strong>Zutaten f\u00fcr 100 Portionen:<\/strong><\/p>\r\n\r\n<ul class=\"[li_&amp;]:mb-0 [li_&amp;]:mt-1 [li_&amp;]:gap-1 [&amp;:not(:last-child)_ul]:pb-1 [&amp;:not(:last-child)_ol]:pb-1 list-disc flex flex-col gap-1 pl-8 mb-3\">\r\n \t<li class=\"whitespace-normal break-words pl-2\">500 St\u00fcck Yumbau Gr\u00fcne Gyoza (TK)<\/li>\r\n \t<li class=\"whitespace-normal break-words pl-2\">12 kg getrocknete gelbe Erbsen (ergibt ca. 30 kg gegart)<\/li>\r\n \t<li class=\"whitespace-normal break-words pl-2\">3 kg Zwiebeln (f\u00fcr R\u00f6stzwiebeln)<\/li>\r\n \t<li class=\"whitespace-normal break-words pl-2\">500 ml Sonnenblumen\u00f6l<\/li>\r\n \t<li class=\"whitespace-normal break-words pl-2\">200 g Butter oder Margarine<\/li>\r\n \t<li class=\"whitespace-normal break-words pl-2\">Salz, Pfeffer, Muskat, Lorbeer<\/li>\r\n<\/ul>\r\n<p class=\"font-claude-response-body break-words whitespace-normal leading-[1.7]\"><strong>Zubereitung:<\/strong><\/p>\r\n\r\n<ol class=\"[li_&amp;]:mb-0 [li_&amp;]:mt-1 [li_&amp;]:gap-1 [&amp;:not(:last-child)_ul]:pb-1 [&amp;:not(:last-child)_ol]:pb-1 list-decimal flex flex-col gap-1 pl-8 mb-3\">\r\n \t<li class=\"whitespace-normal break-words pl-2\">Erbsen \u00fcber Nacht einweichen, in Salzwasser mit Lorbeer weichkochen.<\/li>\r\n \t<li class=\"whitespace-normal break-words pl-2\">Erbsen mit Butter\/Margarine, Salz, Pfeffer und Muskat zu einem cremigen P\u00fcree verarbeiten.<\/li>\r\n \t<li class=\"whitespace-normal break-words pl-2\">Zwiebeln in hauchd\u00fcnne Ringe schneiden, in \u00d6l goldbraun r\u00f6sten, auf K\u00fcchenkrepp abtropfen lassen.<\/li>\r\n \t<li class=\"whitespace-normal break-words pl-2\">Gyoza in der Grillplatte zubereiten: kross anbraten, mit Wasser d\u00e4mpfen.<\/li>\r\n \t<li class=\"whitespace-normal break-words pl-2\">P\u00fcree auf den Teller geben, Gyoza darauf anrichten, R\u00f6stzwiebeln gro\u00dfz\u00fcgig dar\u00fcberstreuen.<\/li>\r\n<\/ol>\r\n<p class=\"font-claude-response-body break-words whitespace-normal leading-[1.7]\"><strong>???? Tipp:<\/strong> Getrocknete Erbsen geh\u00f6ren zu den preisg\u00fcnstigsten H\u00fclsenfr\u00fcchten und liefern hochwertiges pflanzliches Protein \u2013 ein klares Argument f\u00fcr ESG-konforme Speisenplanung.<\/p>"}}},"_links":{"self":[{"href":"https:\/\/yumbau.de\/en\/wp-json\/wp\/v2\/product\/1183","targetHints":{"allow":["GET"]}}],"collection":[{"href":"https:\/\/yumbau.de\/en\/wp-json\/wp\/v2\/product"}],"about":[{"href":"https:\/\/yumbau.de\/en\/wp-json\/wp\/v2\/types\/product"}],"wp:attachment":[{"href":"https:\/\/yumbau.de\/en\/wp-json\/wp\/v2\/media?parent=1183"}],"wp:term":[{"taxonomy":"producttype","embeddable":true,"href":"https:\/\/yumbau.de\/en\/wp-json\/wp\/v2\/producttype?post=1183"}],"curies":[{"name":"wp","href":"https:\/\/api.w.org\/{rel}","templated":true}]}}