{"id":1180,"date":"2026-04-03T14:28:58","date_gmt":"2026-04-03T12:28:58","guid":{"rendered":"https:\/\/yumbau.de\/product\/gyoza-salat-mit-weisskohl-moehren-und-senf-essig-dressing\/"},"modified":"2026-04-03T14:28:58","modified_gmt":"2026-04-03T12:28:58","slug":"gyoza-salat-mit-weisskohl-moehren-und-senf-essig-dressing","status":"publish","type":"product","link":"https:\/\/yumbau.de\/en\/product\/gyoza-salat-mit-weisskohl-moehren-und-senf-essig-dressing\/","title":{"rendered":"Gyoza-Salat mit Wei\u00dfkohl, M\u00f6hren und Senf-Essig-Dressing"},"excerpt":{"rendered":"<p>Leichte Salatkomponente \u2013 ideal als vegane Linie im Salatbuffet oder als Vorspeise. Portionsgr\u00f6\u00dfe: 3 Gyoza + 150 g Salat<\/p>\n","protected":false},"template":"","producttype":[54],"class_list":["post-1180","product","type-product","status-publish","hentry","producttype-recipe"],"yoast_head":"<!-- This site is optimized with the Yoast SEO Premium plugin v26.1 (Yoast SEO v27.4) - https:\/\/yoast.com\/product\/yoast-seo-premium-wordpress\/ -->\n<title>Gyoza-Salat mit Wei\u00dfkohl, M\u00f6hren und Senf-Essig-Dressing - Yumbau Dim Sum<\/title>\n<meta name=\"robots\" content=\"index, follow, max-snippet:-1, max-image-preview:large, max-video-preview:-1\" \/>\n<link rel=\"canonical\" href=\"https:\/\/yumbau.de\/en\/product\/gyoza-salat-mit-weisskohl-moehren-und-senf-essig-dressing\/\" \/>\n<meta property=\"og:locale\" content=\"en_US\" \/>\n<meta property=\"og:type\" content=\"article\" \/>\n<meta property=\"og:title\" content=\"Gyoza-Salat mit Wei\u00dfkohl, M\u00f6hren und Senf-Essig-Dressing\" \/>\n<meta property=\"og:description\" content=\"Leichte Salatkomponente \u2013 ideal als vegane Linie im Salatbuffet oder als Vorspeise. Portionsgr\u00f6\u00dfe: 3 Gyoza + 150 g Salat\" \/>\n<meta property=\"og:url\" content=\"https:\/\/yumbau.de\/en\/product\/gyoza-salat-mit-weisskohl-moehren-und-senf-essig-dressing\/\" \/>\n<meta property=\"og:site_name\" content=\"Yumbau Dim Sum\" \/>\n<meta property=\"article:publisher\" content=\"https:\/\/facebook.com\/yumbau\" \/>\n<meta name=\"twitter:card\" content=\"summary_large_image\" \/>\n<script type=\"application\/ld+json\" class=\"yoast-schema-graph\">{\"@context\":\"https:\\\/\\\/schema.org\",\"@graph\":[{\"@type\":\"WebPage\",\"@id\":\"https:\\\/\\\/yumbau.de\\\/en\\\/product\\\/gyoza-salat-mit-weisskohl-moehren-und-senf-essig-dressing\\\/\",\"url\":\"https:\\\/\\\/yumbau.de\\\/en\\\/product\\\/gyoza-salat-mit-weisskohl-moehren-und-senf-essig-dressing\\\/\",\"name\":\"Gyoza-Salat mit Wei\u00dfkohl, M\u00f6hren und Senf-Essig-Dressing - Yumbau Dim Sum\",\"isPartOf\":{\"@id\":\"https:\\\/\\\/yumbau.de\\\/en\\\/#website\"},\"datePublished\":\"2026-04-03T12:28:58+00:00\",\"breadcrumb\":{\"@id\":\"https:\\\/\\\/yumbau.de\\\/en\\\/product\\\/gyoza-salat-mit-weisskohl-moehren-und-senf-essig-dressing\\\/#breadcrumb\"},\"inLanguage\":\"en-US\",\"potentialAction\":[{\"@type\":\"ReadAction\",\"target\":[\"https:\\\/\\\/yumbau.de\\\/en\\\/product\\\/gyoza-salat-mit-weisskohl-moehren-und-senf-essig-dressing\\\/\"]}]},{\"@type\":\"BreadcrumbList\",\"@id\":\"https:\\\/\\\/yumbau.de\\\/en\\\/product\\\/gyoza-salat-mit-weisskohl-moehren-und-senf-essig-dressing\\\/#breadcrumb\",\"itemListElement\":[{\"@type\":\"ListItem\",\"position\":1,\"name\":\"Home\",\"item\":\"https:\\\/\\\/yumbau.de\\\/en\\\/\"},{\"@type\":\"ListItem\",\"position\":2,\"name\":\"Products\",\"item\":\"https:\\\/\\\/yumbau.de\\\/en\\\/product\\\/\"},{\"@type\":\"ListItem\",\"position\":3,\"name\":\"Gyoza-Salat mit Wei\u00dfkohl, M\u00f6hren und Senf-Essig-Dressing\"}]},{\"@type\":\"WebSite\",\"@id\":\"https:\\\/\\\/yumbau.de\\\/en\\\/#website\",\"url\":\"https:\\\/\\\/yumbau.de\\\/en\\\/\",\"name\":\"Yumbau Dim Sum\",\"description\":\"Gyoza, Dumplings, Asian foods\",\"publisher\":{\"@id\":\"https:\\\/\\\/yumbau.de\\\/en\\\/#organization\"},\"potentialAction\":[{\"@type\":\"SearchAction\",\"target\":{\"@type\":\"EntryPoint\",\"urlTemplate\":\"https:\\\/\\\/yumbau.de\\\/en\\\/?s={search_term_string}\"},\"query-input\":{\"@type\":\"PropertyValueSpecification\",\"valueRequired\":true,\"valueName\":\"search_term_string\"}}],\"inLanguage\":\"en-US\"},{\"@type\":\"Organization\",\"@id\":\"https:\\\/\\\/yumbau.de\\\/en\\\/#organization\",\"name\":\"Yumbau Dim Sum\",\"url\":\"https:\\\/\\\/yumbau.de\\\/en\\\/\",\"logo\":{\"@type\":\"ImageObject\",\"inLanguage\":\"en-US\",\"@id\":\"https:\\\/\\\/yumbau.de\\\/en\\\/#\\\/schema\\\/logo\\\/image\\\/\",\"url\":\"https:\\\/\\\/yumbau.de\\\/wp-content\\\/uploads\\\/2025\\\/02\\\/logo_full_light.png\",\"contentUrl\":\"https:\\\/\\\/yumbau.de\\\/wp-content\\\/uploads\\\/2025\\\/02\\\/logo_full_light.png\",\"width\":2201,\"height\":548,\"caption\":\"Yumbau Dim Sum\"},\"image\":{\"@id\":\"https:\\\/\\\/yumbau.de\\\/en\\\/#\\\/schema\\\/logo\\\/image\\\/\"},\"sameAs\":[\"https:\\\/\\\/facebook.com\\\/yumbau\"]}]}<\/script>\n<!-- \/ Yoast SEO Premium plugin. -->","yoast_head_json":{"title":"Gyoza-Salat mit Wei\u00dfkohl, M\u00f6hren und Senf-Essig-Dressing - Yumbau Dim Sum","robots":{"index":"index","follow":"follow","max-snippet":"max-snippet:-1","max-image-preview":"max-image-preview:large","max-video-preview":"max-video-preview:-1"},"canonical":"https:\/\/yumbau.de\/en\/product\/gyoza-salat-mit-weisskohl-moehren-und-senf-essig-dressing\/","og_locale":"en_US","og_type":"article","og_title":"Gyoza-Salat mit Wei\u00dfkohl, M\u00f6hren und Senf-Essig-Dressing","og_description":"Leichte Salatkomponente \u2013 ideal als vegane Linie im Salatbuffet oder als Vorspeise. Portionsgr\u00f6\u00dfe: 3 Gyoza + 150 g Salat","og_url":"https:\/\/yumbau.de\/en\/product\/gyoza-salat-mit-weisskohl-moehren-und-senf-essig-dressing\/","og_site_name":"Yumbau Dim Sum","article_publisher":"https:\/\/facebook.com\/yumbau","twitter_card":"summary_large_image","schema":{"@context":"https:\/\/schema.org","@graph":[{"@type":"WebPage","@id":"https:\/\/yumbau.de\/en\/product\/gyoza-salat-mit-weisskohl-moehren-und-senf-essig-dressing\/","url":"https:\/\/yumbau.de\/en\/product\/gyoza-salat-mit-weisskohl-moehren-und-senf-essig-dressing\/","name":"Gyoza-Salat mit Wei\u00dfkohl, M\u00f6hren und Senf-Essig-Dressing - Yumbau Dim Sum","isPartOf":{"@id":"https:\/\/yumbau.de\/en\/#website"},"datePublished":"2026-04-03T12:28:58+00:00","breadcrumb":{"@id":"https:\/\/yumbau.de\/en\/product\/gyoza-salat-mit-weisskohl-moehren-und-senf-essig-dressing\/#breadcrumb"},"inLanguage":"en-US","potentialAction":[{"@type":"ReadAction","target":["https:\/\/yumbau.de\/en\/product\/gyoza-salat-mit-weisskohl-moehren-und-senf-essig-dressing\/"]}]},{"@type":"BreadcrumbList","@id":"https:\/\/yumbau.de\/en\/product\/gyoza-salat-mit-weisskohl-moehren-und-senf-essig-dressing\/#breadcrumb","itemListElement":[{"@type":"ListItem","position":1,"name":"Home","item":"https:\/\/yumbau.de\/en\/"},{"@type":"ListItem","position":2,"name":"Products","item":"https:\/\/yumbau.de\/en\/product\/"},{"@type":"ListItem","position":3,"name":"Gyoza-Salat mit Wei\u00dfkohl, M\u00f6hren und Senf-Essig-Dressing"}]},{"@type":"WebSite","@id":"https:\/\/yumbau.de\/en\/#website","url":"https:\/\/yumbau.de\/en\/","name":"Yumbau Dim Sum","description":"Gyoza, Dumplings, Asian foods","publisher":{"@id":"https:\/\/yumbau.de\/en\/#organization"},"potentialAction":[{"@type":"SearchAction","target":{"@type":"EntryPoint","urlTemplate":"https:\/\/yumbau.de\/en\/?s={search_term_string}"},"query-input":{"@type":"PropertyValueSpecification","valueRequired":true,"valueName":"search_term_string"}}],"inLanguage":"en-US"},{"@type":"Organization","@id":"https:\/\/yumbau.de\/en\/#organization","name":"Yumbau Dim Sum","url":"https:\/\/yumbau.de\/en\/","logo":{"@type":"ImageObject","inLanguage":"en-US","@id":"https:\/\/yumbau.de\/en\/#\/schema\/logo\/image\/","url":"https:\/\/yumbau.de\/wp-content\/uploads\/2025\/02\/logo_full_light.png","contentUrl":"https:\/\/yumbau.de\/wp-content\/uploads\/2025\/02\/logo_full_light.png","width":2201,"height":548,"caption":"Yumbau Dim Sum"},"image":{"@id":"https:\/\/yumbau.de\/en\/#\/schema\/logo\/image\/"},"sameAs":["https:\/\/facebook.com\/yumbau"]}]}},"toolset-meta":{"product-settings":{"product-main-image":{"type":"image","raw":"https:\/\/yumbau.de\/wp-content\/uploads\/2026\/04\/Yumbau_Rezept_04_web.webp","attachment_id":1002},"taste":{"type":"textfield","raw":"Gelbe Gyoza \u2013 H\u00fchnchen-Style Champignon"},"description":{"type":"wysiwyg","raw":"<p class=\"font-claude-response-body break-words whitespace-normal leading-[1.7]\"><strong>Zutaten f\u00fcr 100 Portionen:<\/strong><\/p>\r\n\r\n<ul class=\"[li_&amp;]:mb-0 [li_&amp;]:mt-1 [li_&amp;]:gap-1 [&amp;:not(:last-child)_ul]:pb-1 [&amp;:not(:last-child)_ol]:pb-1 list-disc flex flex-col gap-1 pl-8 mb-3\">\r\n \t<li class=\"whitespace-normal break-words pl-2\">300 St\u00fcck Yumbau Gelbe Gyoza (TK)<\/li>\r\n \t<li class=\"whitespace-normal break-words pl-2\">15 kg Wei\u00dfkohl, fein gehobelt<\/li>\r\n \t<li class=\"whitespace-normal break-words pl-2\">5 kg M\u00f6hren, geraspelt<\/li>\r\n \t<li class=\"whitespace-normal break-words pl-2\">2 kg Zwiebeln, in Ringe<\/li>\r\n<\/ul>\r\n<p class=\"font-claude-response-body break-words whitespace-normal leading-[1.7]\"><em>F\u00fcr das Dressing:<\/em><\/p>\r\n\r\n<ul class=\"[li_&amp;]:mb-0 [li_&amp;]:mt-1 [li_&amp;]:gap-1 [&amp;:not(:last-child)_ul]:pb-1 [&amp;:not(:last-child)_ol]:pb-1 list-disc flex flex-col gap-1 pl-8 mb-3\">\r\n \t<li class=\"whitespace-normal break-words pl-2\">1 l Apfelessig<\/li>\r\n \t<li class=\"whitespace-normal break-words pl-2\">500 ml Sonnenblumen\u00f6l<\/li>\r\n \t<li class=\"whitespace-normal break-words pl-2\">200 g Senf (mittelscharf)<\/li>\r\n \t<li class=\"whitespace-normal break-words pl-2\">Salz, Pfeffer, Zucker nach Bedarf<\/li>\r\n<\/ul>\r\n<p class=\"font-claude-response-body break-words whitespace-normal leading-[1.7]\"><strong>Zubereitung:<\/strong><\/p>\r\n\r\n<ol class=\"[li_&amp;]:mb-0 [li_&amp;]:mt-1 [li_&amp;]:gap-1 [&amp;:not(:last-child)_ul]:pb-1 [&amp;:not(:last-child)_ol]:pb-1 list-decimal flex flex-col gap-1 pl-8 mb-3\">\r\n \t<li class=\"whitespace-normal break-words pl-2\">Wei\u00dfkohl mit etwas Salz ankneten, 30 Minuten ziehen lassen, ausdr\u00fccken.<\/li>\r\n \t<li class=\"whitespace-normal break-words pl-2\">M\u00f6hren und Zwiebeln untermischen.<\/li>\r\n \t<li class=\"whitespace-normal break-words pl-2\">Dressing aus Essig, \u00d6l, Senf und Gew\u00fcrzen emulgieren, \u00fcber den Salat geben, durchziehen lassen.<\/li>\r\n \t<li class=\"whitespace-normal break-words pl-2\">Gyoza im Kombid\u00e4mpfer dampfgaren, leicht abk\u00fchlen lassen.<\/li>\r\n \t<li class=\"whitespace-normal break-words pl-2\">Gyoza lauwarm auf dem Salat anrichten.<\/li>\r\n<\/ol>\r\n<strong>???? Tipp: <\/strong>Dieser Salat kann problemlos mehrere Stunden vorbereitet werden \u2013 ideal f\u00fcr die Vorproduktion in der Gemeinschaftsverpflegung."}}},"_links":{"self":[{"href":"https:\/\/yumbau.de\/en\/wp-json\/wp\/v2\/product\/1180","targetHints":{"allow":["GET"]}}],"collection":[{"href":"https:\/\/yumbau.de\/en\/wp-json\/wp\/v2\/product"}],"about":[{"href":"https:\/\/yumbau.de\/en\/wp-json\/wp\/v2\/types\/product"}],"wp:attachment":[{"href":"https:\/\/yumbau.de\/en\/wp-json\/wp\/v2\/media?parent=1180"}],"wp:term":[{"taxonomy":"producttype","embeddable":true,"href":"https:\/\/yumbau.de\/en\/wp-json\/wp\/v2\/producttype?post=1180"}],"curies":[{"name":"wp","href":"https:\/\/api.w.org\/{rel}","templated":true}]}}