{"id":1179,"date":"2026-04-03T14:24:17","date_gmt":"2026-04-03T12:24:17","guid":{"rendered":"https:\/\/yumbau.de\/product\/gyoza-pfanne-mit-paprika-und-lauch-in-knoblauch-sossenbase\/"},"modified":"2026-04-03T14:24:17","modified_gmt":"2026-04-03T12:24:17","slug":"gyoza-pfanne-mit-paprika-und-lauch-in-knoblauch-sossenbase","status":"publish","type":"product","link":"https:\/\/yumbau.de\/en\/product\/gyoza-pfanne-mit-paprika-und-lauch-in-knoblauch-sossenbase\/","title":{"rendered":"Gyoza-Pfanne mit Paprika und Lauch in Knoblauch-So\u00dfenbase"},"excerpt":{"rendered":"<p>Schnelles Wok-Gericht f\u00fcr die Ausgabe \u2013 eignet sich hervorragend f\u00fcr Live-Cooking-Stationen. Portionsgr\u00f6\u00dfe: 5 Gyoza + 200 g Gem\u00fcsepfanne<\/p>\n","protected":false},"template":"","producttype":[54],"class_list":["post-1179","product","type-product","status-publish","hentry","producttype-recipe"],"yoast_head":"<!-- This site is optimized with the Yoast SEO Premium plugin v26.1 (Yoast SEO v27.4) - https:\/\/yoast.com\/product\/yoast-seo-premium-wordpress\/ -->\n<title>Gyoza-Pfanne mit Paprika und Lauch in Knoblauch-So\u00dfenbase - Yumbau Dim Sum<\/title>\n<meta name=\"robots\" content=\"index, follow, max-snippet:-1, max-image-preview:large, max-video-preview:-1\" \/>\n<link rel=\"canonical\" href=\"https:\/\/yumbau.de\/en\/product\/gyoza-pfanne-mit-paprika-und-lauch-in-knoblauch-sossenbase\/\" \/>\n<meta property=\"og:locale\" content=\"en_US\" \/>\n<meta property=\"og:type\" content=\"article\" \/>\n<meta property=\"og:title\" content=\"Gyoza-Pfanne mit Paprika und Lauch in Knoblauch-So\u00dfenbase\" \/>\n<meta property=\"og:description\" content=\"Schnelles Wok-Gericht f\u00fcr die Ausgabe \u2013 eignet sich hervorragend f\u00fcr Live-Cooking-Stationen. Portionsgr\u00f6\u00dfe: 5 Gyoza + 200 g Gem\u00fcsepfanne\" \/>\n<meta property=\"og:url\" content=\"https:\/\/yumbau.de\/en\/product\/gyoza-pfanne-mit-paprika-und-lauch-in-knoblauch-sossenbase\/\" \/>\n<meta property=\"og:site_name\" content=\"Yumbau Dim Sum\" \/>\n<meta property=\"article:publisher\" content=\"https:\/\/facebook.com\/yumbau\" \/>\n<meta name=\"twitter:card\" content=\"summary_large_image\" \/>\n<script type=\"application\/ld+json\" class=\"yoast-schema-graph\">{\"@context\":\"https:\\\/\\\/schema.org\",\"@graph\":[{\"@type\":\"WebPage\",\"@id\":\"https:\\\/\\\/yumbau.de\\\/en\\\/product\\\/gyoza-pfanne-mit-paprika-und-lauch-in-knoblauch-sossenbase\\\/\",\"url\":\"https:\\\/\\\/yumbau.de\\\/en\\\/product\\\/gyoza-pfanne-mit-paprika-und-lauch-in-knoblauch-sossenbase\\\/\",\"name\":\"Gyoza-Pfanne mit Paprika und Lauch in Knoblauch-So\u00dfenbase - Yumbau Dim Sum\",\"isPartOf\":{\"@id\":\"https:\\\/\\\/yumbau.de\\\/en\\\/#website\"},\"datePublished\":\"2026-04-03T12:24:17+00:00\",\"breadcrumb\":{\"@id\":\"https:\\\/\\\/yumbau.de\\\/en\\\/product\\\/gyoza-pfanne-mit-paprika-und-lauch-in-knoblauch-sossenbase\\\/#breadcrumb\"},\"inLanguage\":\"en-US\",\"potentialAction\":[{\"@type\":\"ReadAction\",\"target\":[\"https:\\\/\\\/yumbau.de\\\/en\\\/product\\\/gyoza-pfanne-mit-paprika-und-lauch-in-knoblauch-sossenbase\\\/\"]}]},{\"@type\":\"BreadcrumbList\",\"@id\":\"https:\\\/\\\/yumbau.de\\\/en\\\/product\\\/gyoza-pfanne-mit-paprika-und-lauch-in-knoblauch-sossenbase\\\/#breadcrumb\",\"itemListElement\":[{\"@type\":\"ListItem\",\"position\":1,\"name\":\"Home\",\"item\":\"https:\\\/\\\/yumbau.de\\\/en\\\/\"},{\"@type\":\"ListItem\",\"position\":2,\"name\":\"Products\",\"item\":\"https:\\\/\\\/yumbau.de\\\/en\\\/product\\\/\"},{\"@type\":\"ListItem\",\"position\":3,\"name\":\"Gyoza-Pfanne mit Paprika und Lauch in Knoblauch-So\u00dfenbase\"}]},{\"@type\":\"WebSite\",\"@id\":\"https:\\\/\\\/yumbau.de\\\/en\\\/#website\",\"url\":\"https:\\\/\\\/yumbau.de\\\/en\\\/\",\"name\":\"Yumbau Dim Sum\",\"description\":\"Gyoza, Dumplings, Asian foods\",\"publisher\":{\"@id\":\"https:\\\/\\\/yumbau.de\\\/en\\\/#organization\"},\"potentialAction\":[{\"@type\":\"SearchAction\",\"target\":{\"@type\":\"EntryPoint\",\"urlTemplate\":\"https:\\\/\\\/yumbau.de\\\/en\\\/?s={search_term_string}\"},\"query-input\":{\"@type\":\"PropertyValueSpecification\",\"valueRequired\":true,\"valueName\":\"search_term_string\"}}],\"inLanguage\":\"en-US\"},{\"@type\":\"Organization\",\"@id\":\"https:\\\/\\\/yumbau.de\\\/en\\\/#organization\",\"name\":\"Yumbau Dim Sum\",\"url\":\"https:\\\/\\\/yumbau.de\\\/en\\\/\",\"logo\":{\"@type\":\"ImageObject\",\"inLanguage\":\"en-US\",\"@id\":\"https:\\\/\\\/yumbau.de\\\/en\\\/#\\\/schema\\\/logo\\\/image\\\/\",\"url\":\"https:\\\/\\\/yumbau.de\\\/wp-content\\\/uploads\\\/2025\\\/02\\\/logo_full_light.png\",\"contentUrl\":\"https:\\\/\\\/yumbau.de\\\/wp-content\\\/uploads\\\/2025\\\/02\\\/logo_full_light.png\",\"width\":2201,\"height\":548,\"caption\":\"Yumbau Dim Sum\"},\"image\":{\"@id\":\"https:\\\/\\\/yumbau.de\\\/en\\\/#\\\/schema\\\/logo\\\/image\\\/\"},\"sameAs\":[\"https:\\\/\\\/facebook.com\\\/yumbau\"]}]}<\/script>\n<!-- \/ Yoast SEO Premium plugin. -->","yoast_head_json":{"title":"Gyoza-Pfanne mit Paprika und Lauch in Knoblauch-So\u00dfenbase - Yumbau Dim Sum","robots":{"index":"index","follow":"follow","max-snippet":"max-snippet:-1","max-image-preview":"max-image-preview:large","max-video-preview":"max-video-preview:-1"},"canonical":"https:\/\/yumbau.de\/en\/product\/gyoza-pfanne-mit-paprika-und-lauch-in-knoblauch-sossenbase\/","og_locale":"en_US","og_type":"article","og_title":"Gyoza-Pfanne mit Paprika und Lauch in Knoblauch-So\u00dfenbase","og_description":"Schnelles Wok-Gericht f\u00fcr die Ausgabe \u2013 eignet sich hervorragend f\u00fcr Live-Cooking-Stationen. Portionsgr\u00f6\u00dfe: 5 Gyoza + 200 g Gem\u00fcsepfanne","og_url":"https:\/\/yumbau.de\/en\/product\/gyoza-pfanne-mit-paprika-und-lauch-in-knoblauch-sossenbase\/","og_site_name":"Yumbau Dim Sum","article_publisher":"https:\/\/facebook.com\/yumbau","twitter_card":"summary_large_image","schema":{"@context":"https:\/\/schema.org","@graph":[{"@type":"WebPage","@id":"https:\/\/yumbau.de\/en\/product\/gyoza-pfanne-mit-paprika-und-lauch-in-knoblauch-sossenbase\/","url":"https:\/\/yumbau.de\/en\/product\/gyoza-pfanne-mit-paprika-und-lauch-in-knoblauch-sossenbase\/","name":"Gyoza-Pfanne mit Paprika und Lauch in Knoblauch-So\u00dfenbase - Yumbau Dim Sum","isPartOf":{"@id":"https:\/\/yumbau.de\/en\/#website"},"datePublished":"2026-04-03T12:24:17+00:00","breadcrumb":{"@id":"https:\/\/yumbau.de\/en\/product\/gyoza-pfanne-mit-paprika-und-lauch-in-knoblauch-sossenbase\/#breadcrumb"},"inLanguage":"en-US","potentialAction":[{"@type":"ReadAction","target":["https:\/\/yumbau.de\/en\/product\/gyoza-pfanne-mit-paprika-und-lauch-in-knoblauch-sossenbase\/"]}]},{"@type":"BreadcrumbList","@id":"https:\/\/yumbau.de\/en\/product\/gyoza-pfanne-mit-paprika-und-lauch-in-knoblauch-sossenbase\/#breadcrumb","itemListElement":[{"@type":"ListItem","position":1,"name":"Home","item":"https:\/\/yumbau.de\/en\/"},{"@type":"ListItem","position":2,"name":"Products","item":"https:\/\/yumbau.de\/en\/product\/"},{"@type":"ListItem","position":3,"name":"Gyoza-Pfanne mit Paprika und Lauch in Knoblauch-So\u00dfenbase"}]},{"@type":"WebSite","@id":"https:\/\/yumbau.de\/en\/#website","url":"https:\/\/yumbau.de\/en\/","name":"Yumbau Dim Sum","description":"Gyoza, Dumplings, Asian foods","publisher":{"@id":"https:\/\/yumbau.de\/en\/#organization"},"potentialAction":[{"@type":"SearchAction","target":{"@type":"EntryPoint","urlTemplate":"https:\/\/yumbau.de\/en\/?s={search_term_string}"},"query-input":{"@type":"PropertyValueSpecification","valueRequired":true,"valueName":"search_term_string"}}],"inLanguage":"en-US"},{"@type":"Organization","@id":"https:\/\/yumbau.de\/en\/#organization","name":"Yumbau Dim Sum","url":"https:\/\/yumbau.de\/en\/","logo":{"@type":"ImageObject","inLanguage":"en-US","@id":"https:\/\/yumbau.de\/en\/#\/schema\/logo\/image\/","url":"https:\/\/yumbau.de\/wp-content\/uploads\/2025\/02\/logo_full_light.png","contentUrl":"https:\/\/yumbau.de\/wp-content\/uploads\/2025\/02\/logo_full_light.png","width":2201,"height":548,"caption":"Yumbau Dim Sum"},"image":{"@id":"https:\/\/yumbau.de\/en\/#\/schema\/logo\/image\/"},"sameAs":["https:\/\/facebook.com\/yumbau"]}]}},"toolset-meta":{"product-settings":{"product-main-image":{"type":"image","raw":"https:\/\/yumbau.de\/wp-content\/uploads\/2026\/04\/Yumbau_Rezept_03_web.webp","attachment_id":999},"taste":{"type":"textfield","raw":"Gelbe Gyoza \u2013 H\u00fchnchen-Style Champignon"},"description":{"type":"wysiwyg","raw":"<p class=\"font-claude-response-body break-words whitespace-normal leading-[1.7]\"><strong>Zutaten f\u00fcr 100 Portionen:<\/strong><\/p>\r\n\r\n<ul class=\"[li_&amp;]:mb-0 [li_&amp;]:mt-1 [li_&amp;]:gap-1 [&amp;:not(:last-child)_ul]:pb-1 [&amp;:not(:last-child)_ol]:pb-1 list-disc flex flex-col gap-1 pl-8 mb-3\">\r\n \t<li class=\"whitespace-normal break-words pl-2\">500 St\u00fcck Yumbau Gelbe Gyoza (TK)<\/li>\r\n \t<li class=\"whitespace-normal break-words pl-2\">10 kg Paprika (rot, gelb, gr\u00fcn \u2013 gemischt)<\/li>\r\n \t<li class=\"whitespace-normal break-words pl-2\">6 kg Lauch, in Ringe geschnitten<\/li>\r\n \t<li class=\"whitespace-normal break-words pl-2\">4 kg Champignons (TK oder frisch)<\/li>\r\n \t<li class=\"whitespace-normal break-words pl-2\">3 kg Zwiebeln<\/li>\r\n \t<li class=\"whitespace-normal break-words pl-2\">200 g Knoblauch<\/li>\r\n \t<li class=\"whitespace-normal break-words pl-2\">500 ml Sojasauce<\/li>\r\n \t<li class=\"whitespace-normal break-words pl-2\">200 ml Sonnenblumen\u00f6l<\/li>\r\n \t<li class=\"whitespace-normal break-words pl-2\">Salz, Pfeffer, Chiliflocken nach Bedarf<\/li>\r\n<\/ul>\r\n<p class=\"font-claude-response-body break-words whitespace-normal leading-[1.7]\"><strong>Zubereitung:<\/strong><\/p>\r\n\r\n<ol class=\"[li_&amp;]:mb-0 [li_&amp;]:mt-1 [li_&amp;]:gap-1 [&amp;:not(:last-child)_ul]:pb-1 [&amp;:not(:last-child)_ol]:pb-1 list-decimal flex flex-col gap-1 pl-8 mb-3\">\r\n \t<li class=\"whitespace-normal break-words pl-2\">Zwiebeln und Knoblauch in hei\u00dfem \u00d6l anschwitzen.<\/li>\r\n \t<li class=\"whitespace-normal break-words pl-2\">Champignons zugeben und anbraten, Paprika und Lauch hinzuf\u00fcgen, al dente garen.<\/li>\r\n \t<li class=\"whitespace-normal break-words pl-2\">Mit Sojasauce und Gew\u00fcrzen abschmecken.<\/li>\r\n \t<li class=\"whitespace-normal break-words pl-2\">Gyoza separat in der Bratpfanne oder auf der Grillplatte kross anbraten.<\/li>\r\n \t<li class=\"whitespace-normal break-words pl-2\">Gyoza auf der Gem\u00fcsepfanne anrichten, sofort ausgeben.<\/li>\r\n<\/ol>\r\n<strong>???? Tipp: <\/strong>Als S\u00e4ttigungsbeilage eignet sich kosteng\u00fcnstiges Baguette oder Fladenbrot \u2013 beides ist in der Gemeinschaftsverpflegung gut kalkulierbar."}}},"_links":{"self":[{"href":"https:\/\/yumbau.de\/en\/wp-json\/wp\/v2\/product\/1179","targetHints":{"allow":["GET"]}}],"collection":[{"href":"https:\/\/yumbau.de\/en\/wp-json\/wp\/v2\/product"}],"about":[{"href":"https:\/\/yumbau.de\/en\/wp-json\/wp\/v2\/types\/product"}],"wp:attachment":[{"href":"https:\/\/yumbau.de\/en\/wp-json\/wp\/v2\/media?parent=1179"}],"wp:term":[{"taxonomy":"producttype","embeddable":true,"href":"https:\/\/yumbau.de\/en\/wp-json\/wp\/v2\/producttype?post=1179"}],"curies":[{"name":"wp","href":"https:\/\/api.w.org\/{rel}","templated":true}]}}