{"id":1176,"date":"2026-04-02T15:15:12","date_gmt":"2026-04-02T13:15:12","guid":{"rendered":"https:\/\/yumbau.de\/product\/asiatische-gyoza-suppe-mit-spitzkohl-und-moehren\/"},"modified":"2026-04-02T15:15:12","modified_gmt":"2026-04-02T13:15:12","slug":"asiatische-gyoza-suppe-mit-spitzkohl-und-moehren","status":"publish","type":"product","link":"https:\/\/yumbau.de\/en\/product\/asiatische-gyoza-suppe-mit-spitzkohl-und-moehren\/","title":{"rendered":"Asiatische Gyoza-Suppe mit Spitzkohl und M\u00f6hren"},"excerpt":{"rendered":"<p>G\u00fcnstige Beilage, hoher S\u00e4ttigungsgrad \u2013 ideal als Mittagsgericht in Kantine oder Mensa. Portionsgr\u00f6\u00dfe: 5 Gyoza + 300 ml Suppe.<\/p>\n","protected":false},"template":"","producttype":[54],"class_list":["post-1176","product","type-product","status-publish","hentry","producttype-recipe"],"yoast_head":"<!-- This site is optimized with the Yoast SEO Premium plugin v26.1 (Yoast SEO v27.4) - https:\/\/yoast.com\/product\/yoast-seo-premium-wordpress\/ -->\n<title>Asiatische Gyoza-Suppe mit Spitzkohl und M\u00f6hren - Yumbau Dim Sum<\/title>\n<meta name=\"robots\" content=\"index, follow, max-snippet:-1, max-image-preview:large, max-video-preview:-1\" \/>\n<link rel=\"canonical\" href=\"https:\/\/yumbau.de\/en\/product\/asiatische-gyoza-suppe-mit-spitzkohl-und-moehren\/\" \/>\n<meta property=\"og:locale\" content=\"en_US\" \/>\n<meta property=\"og:type\" content=\"article\" \/>\n<meta property=\"og:title\" content=\"Asiatische Gyoza-Suppe mit Spitzkohl und M\u00f6hren\" \/>\n<meta property=\"og:description\" content=\"G\u00fcnstige Beilage, hoher S\u00e4ttigungsgrad \u2013 ideal als Mittagsgericht in Kantine oder Mensa. Portionsgr\u00f6\u00dfe: 5 Gyoza + 300 ml Suppe.\" \/>\n<meta property=\"og:url\" content=\"https:\/\/yumbau.de\/en\/product\/asiatische-gyoza-suppe-mit-spitzkohl-und-moehren\/\" \/>\n<meta property=\"og:site_name\" content=\"Yumbau Dim Sum\" \/>\n<meta property=\"article:publisher\" content=\"https:\/\/facebook.com\/yumbau\" \/>\n<meta name=\"twitter:card\" content=\"summary_large_image\" \/>\n<script type=\"application\/ld+json\" class=\"yoast-schema-graph\">{\"@context\":\"https:\\\/\\\/schema.org\",\"@graph\":[{\"@type\":\"WebPage\",\"@id\":\"https:\\\/\\\/yumbau.de\\\/en\\\/product\\\/asiatische-gyoza-suppe-mit-spitzkohl-und-moehren\\\/\",\"url\":\"https:\\\/\\\/yumbau.de\\\/en\\\/product\\\/asiatische-gyoza-suppe-mit-spitzkohl-und-moehren\\\/\",\"name\":\"Asiatische Gyoza-Suppe mit Spitzkohl und M\u00f6hren - Yumbau Dim Sum\",\"isPartOf\":{\"@id\":\"https:\\\/\\\/yumbau.de\\\/en\\\/#website\"},\"datePublished\":\"2026-04-02T13:15:12+00:00\",\"breadcrumb\":{\"@id\":\"https:\\\/\\\/yumbau.de\\\/en\\\/product\\\/asiatische-gyoza-suppe-mit-spitzkohl-und-moehren\\\/#breadcrumb\"},\"inLanguage\":\"en-US\",\"potentialAction\":[{\"@type\":\"ReadAction\",\"target\":[\"https:\\\/\\\/yumbau.de\\\/en\\\/product\\\/asiatische-gyoza-suppe-mit-spitzkohl-und-moehren\\\/\"]}]},{\"@type\":\"BreadcrumbList\",\"@id\":\"https:\\\/\\\/yumbau.de\\\/en\\\/product\\\/asiatische-gyoza-suppe-mit-spitzkohl-und-moehren\\\/#breadcrumb\",\"itemListElement\":[{\"@type\":\"ListItem\",\"position\":1,\"name\":\"Home\",\"item\":\"https:\\\/\\\/yumbau.de\\\/en\\\/\"},{\"@type\":\"ListItem\",\"position\":2,\"name\":\"Products\",\"item\":\"https:\\\/\\\/yumbau.de\\\/en\\\/product\\\/\"},{\"@type\":\"ListItem\",\"position\":3,\"name\":\"Asiatische Gyoza-Suppe mit Spitzkohl und M\u00f6hren\"}]},{\"@type\":\"WebSite\",\"@id\":\"https:\\\/\\\/yumbau.de\\\/en\\\/#website\",\"url\":\"https:\\\/\\\/yumbau.de\\\/en\\\/\",\"name\":\"Yumbau Dim Sum\",\"description\":\"Gyoza, Dumplings, Asian foods\",\"publisher\":{\"@id\":\"https:\\\/\\\/yumbau.de\\\/en\\\/#organization\"},\"potentialAction\":[{\"@type\":\"SearchAction\",\"target\":{\"@type\":\"EntryPoint\",\"urlTemplate\":\"https:\\\/\\\/yumbau.de\\\/en\\\/?s={search_term_string}\"},\"query-input\":{\"@type\":\"PropertyValueSpecification\",\"valueRequired\":true,\"valueName\":\"search_term_string\"}}],\"inLanguage\":\"en-US\"},{\"@type\":\"Organization\",\"@id\":\"https:\\\/\\\/yumbau.de\\\/en\\\/#organization\",\"name\":\"Yumbau Dim Sum\",\"url\":\"https:\\\/\\\/yumbau.de\\\/en\\\/\",\"logo\":{\"@type\":\"ImageObject\",\"inLanguage\":\"en-US\",\"@id\":\"https:\\\/\\\/yumbau.de\\\/en\\\/#\\\/schema\\\/logo\\\/image\\\/\",\"url\":\"https:\\\/\\\/yumbau.de\\\/wp-content\\\/uploads\\\/2025\\\/02\\\/logo_full_light.png\",\"contentUrl\":\"https:\\\/\\\/yumbau.de\\\/wp-content\\\/uploads\\\/2025\\\/02\\\/logo_full_light.png\",\"width\":2201,\"height\":548,\"caption\":\"Yumbau Dim Sum\"},\"image\":{\"@id\":\"https:\\\/\\\/yumbau.de\\\/en\\\/#\\\/schema\\\/logo\\\/image\\\/\"},\"sameAs\":[\"https:\\\/\\\/facebook.com\\\/yumbau\"]}]}<\/script>\n<!-- \/ Yoast SEO Premium plugin. -->","yoast_head_json":{"title":"Asiatische Gyoza-Suppe mit Spitzkohl und M\u00f6hren - Yumbau Dim Sum","robots":{"index":"index","follow":"follow","max-snippet":"max-snippet:-1","max-image-preview":"max-image-preview:large","max-video-preview":"max-video-preview:-1"},"canonical":"https:\/\/yumbau.de\/en\/product\/asiatische-gyoza-suppe-mit-spitzkohl-und-moehren\/","og_locale":"en_US","og_type":"article","og_title":"Asiatische Gyoza-Suppe mit Spitzkohl und M\u00f6hren","og_description":"G\u00fcnstige Beilage, hoher S\u00e4ttigungsgrad \u2013 ideal als Mittagsgericht in Kantine oder Mensa. Portionsgr\u00f6\u00dfe: 5 Gyoza + 300 ml Suppe.","og_url":"https:\/\/yumbau.de\/en\/product\/asiatische-gyoza-suppe-mit-spitzkohl-und-moehren\/","og_site_name":"Yumbau Dim Sum","article_publisher":"https:\/\/facebook.com\/yumbau","twitter_card":"summary_large_image","schema":{"@context":"https:\/\/schema.org","@graph":[{"@type":"WebPage","@id":"https:\/\/yumbau.de\/en\/product\/asiatische-gyoza-suppe-mit-spitzkohl-und-moehren\/","url":"https:\/\/yumbau.de\/en\/product\/asiatische-gyoza-suppe-mit-spitzkohl-und-moehren\/","name":"Asiatische Gyoza-Suppe mit Spitzkohl und M\u00f6hren - Yumbau Dim Sum","isPartOf":{"@id":"https:\/\/yumbau.de\/en\/#website"},"datePublished":"2026-04-02T13:15:12+00:00","breadcrumb":{"@id":"https:\/\/yumbau.de\/en\/product\/asiatische-gyoza-suppe-mit-spitzkohl-und-moehren\/#breadcrumb"},"inLanguage":"en-US","potentialAction":[{"@type":"ReadAction","target":["https:\/\/yumbau.de\/en\/product\/asiatische-gyoza-suppe-mit-spitzkohl-und-moehren\/"]}]},{"@type":"BreadcrumbList","@id":"https:\/\/yumbau.de\/en\/product\/asiatische-gyoza-suppe-mit-spitzkohl-und-moehren\/#breadcrumb","itemListElement":[{"@type":"ListItem","position":1,"name":"Home","item":"https:\/\/yumbau.de\/en\/"},{"@type":"ListItem","position":2,"name":"Products","item":"https:\/\/yumbau.de\/en\/product\/"},{"@type":"ListItem","position":3,"name":"Asiatische Gyoza-Suppe mit Spitzkohl und M\u00f6hren"}]},{"@type":"WebSite","@id":"https:\/\/yumbau.de\/en\/#website","url":"https:\/\/yumbau.de\/en\/","name":"Yumbau Dim Sum","description":"Gyoza, Dumplings, Asian foods","publisher":{"@id":"https:\/\/yumbau.de\/en\/#organization"},"potentialAction":[{"@type":"SearchAction","target":{"@type":"EntryPoint","urlTemplate":"https:\/\/yumbau.de\/en\/?s={search_term_string}"},"query-input":{"@type":"PropertyValueSpecification","valueRequired":true,"valueName":"search_term_string"}}],"inLanguage":"en-US"},{"@type":"Organization","@id":"https:\/\/yumbau.de\/en\/#organization","name":"Yumbau Dim Sum","url":"https:\/\/yumbau.de\/en\/","logo":{"@type":"ImageObject","inLanguage":"en-US","@id":"https:\/\/yumbau.de\/en\/#\/schema\/logo\/image\/","url":"https:\/\/yumbau.de\/wp-content\/uploads\/2025\/02\/logo_full_light.png","contentUrl":"https:\/\/yumbau.de\/wp-content\/uploads\/2025\/02\/logo_full_light.png","width":2201,"height":548,"caption":"Yumbau Dim Sum"},"image":{"@id":"https:\/\/yumbau.de\/en\/#\/schema\/logo\/image\/"},"sameAs":["https:\/\/facebook.com\/yumbau"]}]}},"toolset-meta":{"product-settings":{"product-main-image":{"type":"image","raw":"https:\/\/yumbau.de\/wp-content\/uploads\/2026\/04\/Yumbau_Rezept_02_web.webp","attachment_id":996},"taste":{"type":"textfield","raw":"Gelbe Gyoza \u2013 H\u00fchnchen-Style Champignon"},"description":{"type":"wysiwyg","raw":"<p class=\"font-claude-response-body break-words whitespace-normal leading-[1.7]\"><strong>Zutaten f\u00fcr 100 Portionen:<\/strong><\/p>\r\n\r\n<ul class=\"[li_&amp;]:mb-0 [li_&amp;]:mt-1 [li_&amp;]:gap-1 [&amp;:not(:last-child)_ul]:pb-1 [&amp;:not(:last-child)_ol]:pb-1 list-disc flex flex-col gap-1 pl-8 mb-3\">\r\n \t<li class=\"whitespace-normal break-words pl-2\">500 St\u00fcck Yumbau Gelbe Gyoza (TK, ca. 10 kg)<\/li>\r\n \t<li class=\"whitespace-normal break-words pl-2\">8 kg Spitzkohl, fein geschnitten<\/li>\r\n \t<li class=\"whitespace-normal break-words pl-2\">4 kg M\u00f6hren, in Julienne<\/li>\r\n \t<li class=\"whitespace-normal break-words pl-2\">3 kg Zwiebeln, fein gew\u00fcrfelt<\/li>\r\n \t<li class=\"whitespace-normal break-words pl-2\">200 g frischer Ingwer, gerieben<\/li>\r\n \t<li class=\"whitespace-normal break-words pl-2\">30 l Gem\u00fcsefond (aus Konzentrat)<\/li>\r\n \t<li class=\"whitespace-normal break-words pl-2\">500 ml Sojasauce<\/li>\r\n \t<li class=\"whitespace-normal break-words pl-2\">100 ml Sonnenblumen\u00f6l<\/li>\r\n \t<li class=\"whitespace-normal break-words pl-2\">Salz, Pfeffer, Chiliflocken<\/li>\r\n<\/ul>\r\n<p class=\"font-claude-response-body break-words whitespace-normal leading-[1.7]\"><strong>Zubereitung:<\/strong><\/p>\r\n\r\n<ol class=\"[li_&amp;]:mb-0 [li_&amp;]:mt-1 [li_&amp;]:gap-1 [&amp;:not(:last-child)_ul]:pb-1 [&amp;:not(:last-child)_ol]:pb-1 list-decimal flex flex-col gap-1 pl-8 mb-3\">\r\n \t<li class=\"whitespace-normal break-words pl-2\">Zwiebeln und Ingwer in \u00d6l anschwitzen, M\u00f6hren zugeben und kurz mitd\u00fcnsten.<\/li>\r\n \t<li class=\"whitespace-normal break-words pl-2\">Spitzkohl hinzuf\u00fcgen, mit Gem\u00fcsefond abl\u00f6schen und 15 Minuten k\u00f6cheln lassen.<\/li>\r\n \t<li class=\"whitespace-normal break-words pl-2\">Mit Sojasauce, Salz, Pfeffer und Chiliflocken abschmecken.<\/li>\r\n \t<li class=\"whitespace-normal break-words pl-2\">Yumbau Gelbe Gyoza im Kombid\u00e4mpfer bei 100 \u00b0C f\u00fcr 5\u20138 Minuten dampfgaren.<\/li>\r\n \t<li class=\"whitespace-normal break-words pl-2\">Gyoza portionsweise in die vorbereiteten Suppenschalen geben, hei\u00dfe Br\u00fche mit Gem\u00fcse aufgie\u00dfen.<\/li>\r\n<\/ol>\r\n<strong>???? Tipp: <\/strong>Fr\u00fchlingszwiebeln als kosteng\u00fcnstiges Topping verleihen dem Gericht Frische und Farbe."}}},"_links":{"self":[{"href":"https:\/\/yumbau.de\/en\/wp-json\/wp\/v2\/product\/1176","targetHints":{"allow":["GET"]}}],"collection":[{"href":"https:\/\/yumbau.de\/en\/wp-json\/wp\/v2\/product"}],"about":[{"href":"https:\/\/yumbau.de\/en\/wp-json\/wp\/v2\/types\/product"}],"wp:attachment":[{"href":"https:\/\/yumbau.de\/en\/wp-json\/wp\/v2\/media?parent=1176"}],"wp:term":[{"taxonomy":"producttype","embeddable":true,"href":"https:\/\/yumbau.de\/en\/wp-json\/wp\/v2\/producttype?post=1176"}],"curies":[{"name":"wp","href":"https:\/\/api.w.org\/{rel}","templated":true}]}}